{"id":1218,"date":"2025-10-22T19:05:23","date_gmt":"2025-10-22T16:05:23","guid":{"rendered":"https:\/\/pipraveski.ee\/?post_type=product&#038;p=1218"},"modified":"2026-04-17T11:32:34","modified_gmt":"2026-04-17T08:32:34","slug":"sojakaste-vahem-soola-ayuko-150ml","status":"publish","type":"product","link":"https:\/\/pipraveski.ee\/en\/product\/sojakaste-vahem-soola-ayuko-150ml\/","title":{"rendered":"Soy sauce, less salt, AYUKO, 150ml"},"content":{"rendered":"<p>Sojakaste on valmistatud traditsioonilise retsepti j\u00e4rgi ja sisaldab nelja looduslikku koostisosa: sojaube, nisu, vett ja soola. Madala soolasisaldusega sojakaste valmistatakse t\u00e4pselt samamoodi, kuid spetsiaalse magestamismeetodiga eemaldatakse ligi 50% naatriumist.<br \/>\nSee sobib ideaalselt riisi, nuudlite, sushi, kala, suupistete ja pelmeenide valmistamiseks.<br \/>\nAyuko sojakastme s\u00fcgavpruun, kuid kergelt l\u00e4bikumav v\u00e4rv ja ainulaadne aroom lisavad igale roale maitset, kuid ei ima endasse peamiste koostisosade maitset.<br \/>\nSobib neile, kes eelistavad v\u00e4hendatud soolasisaldusega dieeti.<\/p>\n<p>Koostisosad: Vesi, SOJAoad 20%, sool, NISUjahu, maitsetugevdaja:E621, s\u00e4ilitusaine E202.<br \/>\nAllergeenid: SOJA, NISU<\/p>\n<p>Nutrition information per 100g:<br \/>\nEnergiasisaldus 73kj\/ 17kcl<br \/>\nFats 0g<br \/>\n&nbsp;of which saturated fats 0g<br \/>\nS\u00fcsivesikuid 2,0g<br \/>\n&nbsp;millest suhkrud 0,3g<br \/>\nValgud 2,3g<br \/>\nSool 11,9g<\/p>\n<p>Country of origin: China<br \/>\n&nbsp;<\/p>","protected":false},"excerpt":{"rendered":"<p>Sojakaste on valmistatud traditsioonilise retsepti j\u00e4rgi ja sisaldab nelja looduslikku koostisosa: sojaube, nisu, vett ja soola. Madala soolasisaldusega sojakaste valmistatakse t\u00e4pselt samamoodi, kuid spetsiaalse magestamismeetodiga eemaldatakse ligi 50% naatriumist. See sobib ideaalselt riisi, nuudlite, sushi, kala, suupistete ja pelmeenide valmistamiseks. Ayuko sojakastme s\u00fcgavpruun, kuid kergelt l\u00e4bikumav v\u00e4rv ja ainulaadne aroom lisavad igale roale maitset, kuid [&hellip;]<\/p>\n","protected":false},"featured_media":1248,"template":"","meta":[],"product_brand":[],"product_cat":[317],"product_tag":[],"class_list":{"0":"post-1218","1":"product","2":"type-product","3":"status-publish","4":"has-post-thumbnail","6":"product_cat-kastmed-sinepid-tsatnid","8":"first","9":"instock","10":"taxable","11":"shipping-taxable","12":"purchasable","13":"product-type-simple"},"_links":{"self":[{"href":"https:\/\/pipraveski.ee\/en\/wp-json\/wp\/v2\/product\/1218","targetHints":{"allow":["GET"]}}],"collection":[{"href":"https:\/\/pipraveski.ee\/en\/wp-json\/wp\/v2\/product"}],"about":[{"href":"https:\/\/pipraveski.ee\/en\/wp-json\/wp\/v2\/types\/product"}],"wp:featuredmedia":[{"embeddable":true,"href":"https:\/\/pipraveski.ee\/en\/wp-json\/wp\/v2\/media\/1248"}],"wp:attachment":[{"href":"https:\/\/pipraveski.ee\/en\/wp-json\/wp\/v2\/media?parent=1218"}],"wp:term":[{"taxonomy":"product_brand","embeddable":true,"href":"https:\/\/pipraveski.ee\/en\/wp-json\/wp\/v2\/product_brand?post=1218"},{"taxonomy":"product_cat","embeddable":true,"href":"https:\/\/pipraveski.ee\/en\/wp-json\/wp\/v2\/product_cat?post=1218"},{"taxonomy":"product_tag","embeddable":true,"href":"https:\/\/pipraveski.ee\/en\/wp-json\/wp\/v2\/product_tag?post=1218"}],"curies":[{"name":"wp","href":"https:\/\/api.w.org\/{rel}","templated":true}]}}