{"id":1216,"date":"2025-10-22T19:05:23","date_gmt":"2025-10-22T16:05:23","guid":{"rendered":"https:\/\/pipraveski.ee\/?post_type=product&#038;p=1216"},"modified":"2026-04-17T11:33:24","modified_gmt":"2026-04-17T08:33:24","slug":"kange-alkoholi-parm-t3","status":"publish","type":"product","link":"https:\/\/pipraveski.ee\/en\/product\/kange-alkoholi-parm-t3\/","title":{"rendered":"Strong alcohol yeast T3"},"content":{"rendered":"<p>P\u00e4rm kange alkoholi valmistamiseks.<br \/>\nK\u00e4\u00e4ritamiseks v\u00f5tta 7 kg suhkrut ja nii palju sooja vett, et t\u00e4ituks 25 liitrit.<br \/>\nK\u00e4\u00e4rib 5 p\u00e4eva, kangusprotsent 17 %.<\/p>\n<p>Veel v\u00f5imalusi kanguseks:<br \/>\n6kg suhkurt \u2013 21L = kokku 25L<br \/>\n14% \u2013 2-3 p\u00e4eva<br \/>\n7kg suhkurt \u2013 20L = kokku 25L<br \/>\n17% \u2013 4-5 p\u00e4eva<\/p>","protected":false},"excerpt":{"rendered":"<p>Kange alkoholi valmistamiseks<\/p>","protected":false},"featured_media":1246,"template":"","meta":[],"product_brand":[],"product_cat":[328],"product_tag":[],"class_list":{"0":"post-1216","1":"product","2":"type-product","3":"status-publish","4":"has-post-thumbnail","6":"product_cat-veini-ja-olletarvikud","8":"first","9":"instock","10":"taxable","11":"shipping-taxable","12":"purchasable","13":"product-type-simple"},"_links":{"self":[{"href":"https:\/\/pipraveski.ee\/en\/wp-json\/wp\/v2\/product\/1216","targetHints":{"allow":["GET"]}}],"collection":[{"href":"https:\/\/pipraveski.ee\/en\/wp-json\/wp\/v2\/product"}],"about":[{"href":"https:\/\/pipraveski.ee\/en\/wp-json\/wp\/v2\/types\/product"}],"wp:featuredmedia":[{"embeddable":true,"href":"https:\/\/pipraveski.ee\/en\/wp-json\/wp\/v2\/media\/1246"}],"wp:attachment":[{"href":"https:\/\/pipraveski.ee\/en\/wp-json\/wp\/v2\/media?parent=1216"}],"wp:term":[{"taxonomy":"product_brand","embeddable":true,"href":"https:\/\/pipraveski.ee\/en\/wp-json\/wp\/v2\/product_brand?post=1216"},{"taxonomy":"product_cat","embeddable":true,"href":"https:\/\/pipraveski.ee\/en\/wp-json\/wp\/v2\/product_cat?post=1216"},{"taxonomy":"product_tag","embeddable":true,"href":"https:\/\/pipraveski.ee\/en\/wp-json\/wp\/v2\/product_tag?post=1216"}],"curies":[{"name":"wp","href":"https:\/\/api.w.org\/{rel}","templated":true}]}}