{"id":1212,"date":"2025-10-22T19:05:23","date_gmt":"2025-10-22T16:05:23","guid":{"rendered":"https:\/\/pipraveski.ee\/?post_type=product&#038;p=1212"},"modified":"2026-04-17T11:32:34","modified_gmt":"2026-04-17T08:32:34","slug":"palsamiaadika-kaste-granaatoun-220ml","status":"publish","type":"product","link":"https:\/\/pipraveski.ee\/en\/product\/palsamiaadika-kaste-granaatoun-220ml\/","title":{"rendered":"Balsamic vinegar sauce, pomegranate, 220ml"},"content":{"rendered":"<p>Leonardi <em>Crema di Balsamico<\/em> (palsami\u00e4\u00e4dika kaste) on ideaalne hapukas-magus lisand valgele lihale, r\u00f6stitud toidule, juustudele, jogurtile, puuviljasalatile, magustoitudele, j\u00e4\u00e4tisele, aperitiividele jmp.<br \/>\nGranaat\u00f5una kerge hapukus on just see, mis tasakaalustab sinu roogades magusust.<\/p>\n<p>Koostisosad: kontsentreeritud viinamarjavirre, punane palsami\u00e4\u00e4dikas (punane veini\u00e4\u00e4dikas, kontsentreeritud viinamarjavirre), modifitseeritud t\u00e4rklis, granaat\u00f5una l\u00f5hna- ja maitseaine. Sisaldab looduslikke sulfiide.<br \/>\nStore in the refrigerator after opening.<\/p>\n<p>Nutrition information per 100g:<br \/>\nEnergiasisaldus 705kJ\/166kcal<br \/>\nFats 0g<br \/>\nof which saturated fatty acids 0g<br \/>\nS\u00fcsivesikud 39g<br \/>\nmillest suhkrud 39g<br \/>\nProtein 0,5g<br \/>\nSool 0,02g<\/p>","protected":false},"excerpt":{"rendered":"<p>Ideaalne valgele lihale, r\u00f6stitud toidule, juustudele, puuviljasalatile, magustoitudele, j\u00e4\u00e4tisele, aperitiividele.<\/p>","protected":false},"featured_media":1242,"template":"","meta":[],"product_brand":[275],"product_cat":[317],"product_tag":[],"class_list":{"0":"post-1212","1":"product","2":"type-product","3":"status-publish","4":"has-post-thumbnail","6":"product_brand-aetaia-leonardi","7":"product_cat-kastmed-sinepid-tsatnid","9":"first","10":"instock","11":"taxable","12":"shipping-taxable","13":"purchasable","14":"product-type-simple"},"_links":{"self":[{"href":"https:\/\/pipraveski.ee\/en\/wp-json\/wp\/v2\/product\/1212","targetHints":{"allow":["GET"]}}],"collection":[{"href":"https:\/\/pipraveski.ee\/en\/wp-json\/wp\/v2\/product"}],"about":[{"href":"https:\/\/pipraveski.ee\/en\/wp-json\/wp\/v2\/types\/product"}],"wp:featuredmedia":[{"embeddable":true,"href":"https:\/\/pipraveski.ee\/en\/wp-json\/wp\/v2\/media\/1242"}],"wp:attachment":[{"href":"https:\/\/pipraveski.ee\/en\/wp-json\/wp\/v2\/media?parent=1212"}],"wp:term":[{"taxonomy":"product_brand","embeddable":true,"href":"https:\/\/pipraveski.ee\/en\/wp-json\/wp\/v2\/product_brand?post=1212"},{"taxonomy":"product_cat","embeddable":true,"href":"https:\/\/pipraveski.ee\/en\/wp-json\/wp\/v2\/product_cat?post=1212"},{"taxonomy":"product_tag","embeddable":true,"href":"https:\/\/pipraveski.ee\/en\/wp-json\/wp\/v2\/product_tag?post=1212"}],"curies":[{"name":"wp","href":"https:\/\/api.w.org\/{rel}","templated":true}]}}