{"id":1211,"date":"2025-10-22T19:05:23","date_gmt":"2025-10-22T16:05:23","guid":{"rendered":"https:\/\/pipraveski.ee\/?post_type=product&#038;p=1211"},"modified":"2026-04-17T11:31:38","modified_gmt":"2026-04-17T08:31:38","slug":"kaste-god-slayer-eriti-terav-60ml","status":"publish","type":"product","link":"https:\/\/pipraveski.ee\/en\/product\/kaste-god-slayer-eriti-terav-60ml\/","title":{"rendered":"Sauce, God Slayer (extra sharp), 60ml"},"content":{"rendered":"<p>God Slayer kuum kaste Wiltshire&#8217;i t\u0161illifarmist: see on meeletult kuum kaste tugeva k\u00fc\u00fcslauguga.<\/p>\n<p>Kasutage God Slayerit s\u00e4\u00e4stlikult kuumade karride ja t\u0161illiga.<br \/>\nProovige seda Chilli Con Carne&#8217;i, pastaroogade, Revenge&#8217;i v\u00f5i t\u00f5eliselt tulise karri jaoks.<br \/>\nps! Naha-v\u00f5i silma sattumisel hoolikalt veega loputada. Keele- v\u00f5i mao\u00e4rrituse korral juua piimatoodet, mis neutraliseerib antud olukorda.&nbsp;<br \/>\nMaksimaalne doseering p\u00e4evas 1tl p\u00e4evas.<\/p>\n<p>Edela-Inglismaal Bathi l\u00e4hedal Melkshamist l\u00fchikese vahemaa kaugusel asuv The Wiltshire Chilli Farm koosneb grupist kulinaaria- ja aiandushuvilisi, kes jagavad armastust k\u00f5ige v\u00fcrtsika vastu. Neile meeldib luua kastmeid ja maitseaineid, mis julgustavad inimesi avastama uusi aistinguid ja leidma uusi viise, kuidas oma s\u00f6\u00f6davat nautida.<\/p>\n<p>\nShelf life \/ Storage<br \/>\nTr\u00fckitud k\u00f5lblikkusaeg viitab avamata tootele, mis on hoitud k\u00fclmkapis. P\u00e4rast avamist s\u00e4ilib toode temperatuuril alla 7 kraadi v\u00e4hemalt 6 kuud.<\/p>\n<p>Koostisosad: Tomat, \u00f5una\u00e4\u00e4dikas, Bourbon, k\u00fc\u00fcslauk,laimimahl, Ghost t\u0161illi, Habanero, 12 miljonit scoville pipraekstrakt , sool, \u00fcrdid<\/p>\n<p>Nutrition information per 100 g<br \/>\nEnergiasisaldus 340kJ\/80 kcl<br \/>\nRasvad 0,3g<br \/>\nof which saturated fatty acids 0,0g<br \/>\nCarbohydrates 1,9g<br \/>\nmillest suhkrud 1,8g<br \/>\nValgud 1,1g<br \/>\nSalt 0,1 g<br \/>\n&nbsp;<\/p>","protected":false},"excerpt":{"rendered":"<p>Kasutage God Slayerit s\u00e4\u00e4stlikult kuumade karride ja t\u0161illiga.<br \/>\nProovige seda Chilli Con Carne&#8217;i, pastaroogade v\u00f5i t\u00f5eliselt tulise karri jaoks.<\/p>","protected":false},"featured_media":1241,"template":"","meta":[],"product_brand":[],"product_cat":[317],"product_tag":[],"class_list":{"0":"post-1211","1":"product","2":"type-product","3":"status-publish","4":"has-post-thumbnail","6":"product_cat-kastmed-sinepid-tsatnid","8":"first","9":"outofstock","10":"taxable","11":"shipping-taxable","12":"purchasable","13":"product-type-simple"},"_links":{"self":[{"href":"https:\/\/pipraveski.ee\/en\/wp-json\/wp\/v2\/product\/1211","targetHints":{"allow":["GET"]}}],"collection":[{"href":"https:\/\/pipraveski.ee\/en\/wp-json\/wp\/v2\/product"}],"about":[{"href":"https:\/\/pipraveski.ee\/en\/wp-json\/wp\/v2\/types\/product"}],"wp:featuredmedia":[{"embeddable":true,"href":"https:\/\/pipraveski.ee\/en\/wp-json\/wp\/v2\/media\/1241"}],"wp:attachment":[{"href":"https:\/\/pipraveski.ee\/en\/wp-json\/wp\/v2\/media?parent=1211"}],"wp:term":[{"taxonomy":"product_brand","embeddable":true,"href":"https:\/\/pipraveski.ee\/en\/wp-json\/wp\/v2\/product_brand?post=1211"},{"taxonomy":"product_cat","embeddable":true,"href":"https:\/\/pipraveski.ee\/en\/wp-json\/wp\/v2\/product_cat?post=1211"},{"taxonomy":"product_tag","embeddable":true,"href":"https:\/\/pipraveski.ee\/en\/wp-json\/wp\/v2\/product_tag?post=1211"}],"curies":[{"name":"wp","href":"https:\/\/api.w.org\/{rel}","templated":true}]}}