{"id":1173,"date":"2025-10-22T19:05:08","date_gmt":"2025-10-22T16:05:08","guid":{"rendered":"https:\/\/pipraveski.ee\/?post_type=product&#038;p=1173"},"modified":"2026-04-17T11:32:32","modified_gmt":"2026-04-17T08:32:32","slug":"mac-nuga-sa-70-uldnuga-181mm","status":"publish","type":"product","link":"https:\/\/pipraveski.ee\/en\/product\/mac-nuga-sa-70-uldnuga-181mm\/","title":{"rendered":"MAC knife SA-70 (utility knife), 181mm"},"content":{"rendered":"<p>MAC SUPERIOR sarja SA-70 181mm \u00fcld \/ kokanuga kujundati MAC-i ORIGINAL sarja UK-60 t\u00e4iustatud versioonina.<\/p>\n<p>Sellel on MAC kaubam\u00e4rgina \u00fcmmarguse otsaga l\u00f5iketera, mille sisse l\u00f5igatud auk ja \u00fclest\u00f5stetud k\u00e4epide, et j\u00e4tta s\u00f5rmenukkidele rohkem ruumi paremaks k\u00e4sitlemsieks l\u00f5ikelaual.<\/p>\n<p>Mac nugade teravus Rockwelli skaalal j\u00e4\u00e4b vahemikku 57-61.<br \/>\nIt is not recommended to wash in a dishwasher!<\/p>\n<p>Noa pikkus: 305mm<br \/>\nNoa kaal: 147g<br \/>\nTera pikkus: 181mm<br \/>\nTera k\u00f5rgus: 47mm<br \/>\nTera paksus: 2mm<\/p>","protected":false},"excerpt":{"rendered":"<p>\u00dcld \/ kokanuga<\/p>","protected":false},"featured_media":1204,"template":"","meta":[],"product_brand":[246],"product_cat":[336],"product_tag":[],"class_list":{"0":"post-1173","1":"product","2":"type-product","3":"status-publish","4":"has-post-thumbnail","6":"product_brand-mac","7":"product_cat-noad","9":"first","10":"instock","11":"taxable","12":"shipping-taxable","13":"purchasable","14":"product-type-simple"},"_links":{"self":[{"href":"https:\/\/pipraveski.ee\/en\/wp-json\/wp\/v2\/product\/1173","targetHints":{"allow":["GET"]}}],"collection":[{"href":"https:\/\/pipraveski.ee\/en\/wp-json\/wp\/v2\/product"}],"about":[{"href":"https:\/\/pipraveski.ee\/en\/wp-json\/wp\/v2\/types\/product"}],"wp:featuredmedia":[{"embeddable":true,"href":"https:\/\/pipraveski.ee\/en\/wp-json\/wp\/v2\/media\/1204"}],"wp:attachment":[{"href":"https:\/\/pipraveski.ee\/en\/wp-json\/wp\/v2\/media?parent=1173"}],"wp:term":[{"taxonomy":"product_brand","embeddable":true,"href":"https:\/\/pipraveski.ee\/en\/wp-json\/wp\/v2\/product_brand?post=1173"},{"taxonomy":"product_cat","embeddable":true,"href":"https:\/\/pipraveski.ee\/en\/wp-json\/wp\/v2\/product_cat?post=1173"},{"taxonomy":"product_tag","embeddable":true,"href":"https:\/\/pipraveski.ee\/en\/wp-json\/wp\/v2\/product_tag?post=1173"}],"curies":[{"name":"wp","href":"https:\/\/api.w.org\/{rel}","templated":true}]}}