{"id":1167,"date":"2025-10-22T19:05:08","date_gmt":"2025-10-22T16:05:08","guid":{"rendered":"https:\/\/pipraveski.ee\/?post_type=product&#038;p=1167"},"modified":"2026-04-17T11:31:47","modified_gmt":"2026-04-17T08:31:47","slug":"kaste-ghost-pepper-mango-grazy-bastard-200ml","status":"publish","type":"product","link":"https:\/\/pipraveski.ee\/en\/product\/kaste-ghost-pepper-mango-grazy-bastard-200ml\/","title":{"rendered":"Sauce, Ghost pepper &amp; mango, GRAZY BASTARD, 200ml"},"content":{"rendered":"<p>Crazy Bastardi kaste Ghost pepper t\u0161illi ja mangoga.<\/p>\n<p>K\u00fcpsed mangod annavad kastmele puuviljase ja magusa noodi, mida tasakaalustavad k\u00f6\u00f6mned koos India Ghost t\u0161illiga, muutes kastme parajalt intensiivseks ja v\u00fcrtsikaks. Sobib juba natuke edasij\u00f5udnud t\u0161illis\u00f5pradele.<br \/>\nMaitse: eksootiline puuvili&nbsp;k\u00f6\u00f6mne soojendava noodiga. H\u00e4sti tasakaalustatud maitse.<br \/>\nSobib h\u00e4sti kokku enamasti k\u00f5igega, sealhulgas eriti h\u00e4sti riisiroogadele, grillitud toitudele ja India\/Aasia toidud.<\/p>\n<p>Koostisosad: paprika, sibul, valge veini\u00e4\u00e4dikas, mangod (12%), \u00f5unad, Bhut Jolokia &#8220;Ghost&#8221; t\u0161illi (7%), laim, oliivi\u00f5li, k\u00f6\u00f6mned, meresool.<br \/>\nScoville i skaalal ca 30 000 SHU<\/p>\n<p>Nutrition information per 100g<br \/>\nEnergia 221 kJ \/ 52 kcal<br \/>\nRasv 0,8g<br \/>\nof which saturated fatty acids 0,1g<br \/>\nS\u00fcsivesikud 7g<br \/>\nmillest suhkrud 6,4g<br \/>\nProtein 1g<br \/>\nSool 0,51g<\/p>","protected":false},"excerpt":{"rendered":"<p>\u200bCrazy Bastard sarja kuum India stiilis t\u0161illikaste &#8220;Ghost Pepper&#8221; t\u0161illi ja mangoga.<\/p>","protected":false},"featured_media":1197,"template":"","meta":[],"product_brand":[],"product_cat":[317],"product_tag":[],"class_list":{"0":"post-1167","1":"product","2":"type-product","3":"status-publish","4":"has-post-thumbnail","6":"product_cat-kastmed-sinepid-tsatnid","8":"first","9":"outofstock","10":"taxable","11":"shipping-taxable","12":"purchasable","13":"product-type-simple"},"_links":{"self":[{"href":"https:\/\/pipraveski.ee\/en\/wp-json\/wp\/v2\/product\/1167","targetHints":{"allow":["GET"]}}],"collection":[{"href":"https:\/\/pipraveski.ee\/en\/wp-json\/wp\/v2\/product"}],"about":[{"href":"https:\/\/pipraveski.ee\/en\/wp-json\/wp\/v2\/types\/product"}],"wp:featuredmedia":[{"embeddable":true,"href":"https:\/\/pipraveski.ee\/en\/wp-json\/wp\/v2\/media\/1197"}],"wp:attachment":[{"href":"https:\/\/pipraveski.ee\/en\/wp-json\/wp\/v2\/media?parent=1167"}],"wp:term":[{"taxonomy":"product_brand","embeddable":true,"href":"https:\/\/pipraveski.ee\/en\/wp-json\/wp\/v2\/product_brand?post=1167"},{"taxonomy":"product_cat","embeddable":true,"href":"https:\/\/pipraveski.ee\/en\/wp-json\/wp\/v2\/product_cat?post=1167"},{"taxonomy":"product_tag","embeddable":true,"href":"https:\/\/pipraveski.ee\/en\/wp-json\/wp\/v2\/product_tag?post=1167"}],"curies":[{"name":"wp","href":"https:\/\/api.w.org\/{rel}","templated":true}]}}