{"id":1165,"date":"2025-10-22T19:05:08","date_gmt":"2025-10-22T16:05:08","guid":{"rendered":"https:\/\/pipraveski.ee\/?post_type=product&#038;p=1165"},"modified":"2026-04-17T11:32:45","modified_gmt":"2026-04-17T08:32:45","slug":"papad-vurtskoomne-lijjat-200g","status":"publish","type":"product","link":"https:\/\/pipraveski.ee\/en\/product\/papad-vurtskoomne-lijjat-200g\/","title":{"rendered":"Beans, spicy, Lijjat, 200g"},"content":{"rendered":"<p><span style=\"font-family: Roboto, sans-serif;font-size: 12px\">Pappadumid on \u00f5hukesed leivad, mida traditsiooniliselt serveeritakse k\u00fclgroadena sellistes riikides nagu India, Sri Lanka ja Nepal. Suurep\u00e4rased chutney v\u00f5i India karri k\u00f5rvale. Need praaditakse tavaliselt v\u00f5i k\u00fcpsetatakse k\u00f5rgel temperatuuril kuivaks.&nbsp;<\/span><\/p>\n<p>Pannil: k\u00fcpsetada s\u00fcgaval pannil, kuumas \u00f5lis, umbes 5-10 sekundit. K\u00fcpsenud papa asetada paberr\u00e4tikule liigse \u00f5li eemaldamiseks.<br \/>\nMikrolaineahjus: Kuumutada \u00fcks papa korraga, k\u00f5rgel kuumusel umbes 30-45 sekundit<\/p>\n<p>Koostisosad: Musta kikerherne jahu(78%), asaf\u00f6\u00f6tida, v\u00fcrtsk\u00f6\u00f6men( 1,5%), sool, kaltsiumkarbonaat, SEESAMi\u00f5li. V\u00f5ib sisaldada j\u00e4lgi gluteenist.<\/p>\n<p>Nutrition information per 100g:<br \/>\n<span style=\"font-size: 13px\">Energiasisaldus 1393kJ\/333kcal<\/span><br style=\"font-size: 13px\" \/><br \/>\n<span style=\"font-size: 13px\">Rasvad 1,3g<\/span><br style=\"font-size: 13px\" \/><br \/>\n<span style=\"font-size: 13px\">of which saturated fatty acids 0,4g<\/span><br style=\"font-size: 13px\" \/><br \/>\n<span style=\"font-size: 13px\">S\u00fcsivesikud 52,4g<\/span><br style=\"font-size: 13px\" \/><br \/>\n<span style=\"font-size: 13px\">of which sugars 0g<\/span><br style=\"font-size: 13px\" \/><br \/>\n<span style=\"font-size: 13px\">Valgud 27,6g<\/span><br style=\"font-size: 13px\" \/><br \/>\n<span style=\"font-size: 13px\">Sool 6,3g<\/span><\/p>\n<p>&nbsp;<\/p>","protected":false},"excerpt":{"rendered":"<p>Pappadumid on \u00f5hukesed leivad, mida traditsiooniliselt serveeritakse k\u00fclgroadena sellistes riikides nagu India, Sri Lanka ja Nepal. Suurep\u00e4rased chutney v\u00f5i India karri k\u00f5rvale. Need praaditakse tavaliselt v\u00f5i k\u00fcpsetatakse k\u00f5rgel temperatuuril kuivaks.&nbsp; Pannil: k\u00fcpsetada s\u00fcgaval pannil, kuumas \u00f5lis, umbes 5-10 sekundit. K\u00fcpsenud papa asetada paberr\u00e4tikule liigse \u00f5li eemaldamiseks. Mikrolaineahjus: Kuumutada \u00fcks papa korraga, k\u00f5rgel kuumusel umbes 30-45 [&hellip;]<\/p>\n","protected":false},"featured_media":1195,"template":"","meta":[],"product_brand":[],"product_cat":[324],"product_tag":[],"class_list":{"0":"post-1165","1":"product","2":"type-product","3":"status-publish","4":"has-post-thumbnail","6":"product_cat-maiustused-snakid","8":"first","9":"instock","10":"taxable","11":"shipping-taxable","12":"purchasable","13":"product-type-simple"},"_links":{"self":[{"href":"https:\/\/pipraveski.ee\/en\/wp-json\/wp\/v2\/product\/1165","targetHints":{"allow":["GET"]}}],"collection":[{"href":"https:\/\/pipraveski.ee\/en\/wp-json\/wp\/v2\/product"}],"about":[{"href":"https:\/\/pipraveski.ee\/en\/wp-json\/wp\/v2\/types\/product"}],"wp:featuredmedia":[{"embeddable":true,"href":"https:\/\/pipraveski.ee\/en\/wp-json\/wp\/v2\/media\/1195"}],"wp:attachment":[{"href":"https:\/\/pipraveski.ee\/en\/wp-json\/wp\/v2\/media?parent=1165"}],"wp:term":[{"taxonomy":"product_brand","embeddable":true,"href":"https:\/\/pipraveski.ee\/en\/wp-json\/wp\/v2\/product_brand?post=1165"},{"taxonomy":"product_cat","embeddable":true,"href":"https:\/\/pipraveski.ee\/en\/wp-json\/wp\/v2\/product_cat?post=1165"},{"taxonomy":"product_tag","embeddable":true,"href":"https:\/\/pipraveski.ee\/en\/wp-json\/wp\/v2\/product_tag?post=1165"}],"curies":[{"name":"wp","href":"https:\/\/api.w.org\/{rel}","templated":true}]}}