{"id":1163,"date":"2025-10-22T19:05:08","date_gmt":"2025-10-22T16:05:08","guid":{"rendered":"https:\/\/pipraveski.ee\/?post_type=product&#038;p=1163"},"modified":"2026-04-17T11:31:40","modified_gmt":"2026-04-17T08:31:40","slug":"kanavurts-hahnchen-200g","status":"publish","type":"product","link":"https:\/\/pipraveski.ee\/en\/product\/kanavurts-hahnchen-200g\/","title":{"rendered":"H\u00e4hnchen kana maitseainesegu, HELA, 200g"},"content":{"rendered":"<p>Seasoning salt for poultry meat.<br \/>\nAlso suitable for making oil marinade.<br \/>\nConsumption standard: 20g per 1kg.<\/p>\n<p>Ingredients: salt, partially hydrolysed palm oil, spices and herbs (incl. SINES flour, SELLER), dextrose, flavour enhancer: E621.<br \/>\n<strong>Suuremat pakendit soovides ootame teie e-kirja aadressile myyk@pipraveski.ee<\/strong><\/p>","protected":false},"excerpt":{"rendered":"<p>V\u00fcrtsisool linnulihale. Sobib ka \u00f5limarinaadi valmistamiseks. Kulunorm: 20g 1kg kohta. Koostisosad: sool, osaliselt h\u00fcdrol\u00fc\u00fcsitud palmi\u00f5li, v\u00fcrtsid ja \u00fcrdid (sh SINEPIjahu, SELLER), dekstroos, maitsetugevdaja: E621. Suuremat pakendit soovides ootame teie e-kirja aadressile myyk@pipraveski.ee<\/p>","protected":false},"featured_media":6046,"template":"","meta":[],"product_brand":[244],"product_cat":[307],"product_tag":[],"class_list":{"0":"post-1163","1":"product","2":"type-product","3":"status-publish","4":"has-post-thumbnail","6":"product_brand-hela","7":"product_cat-maitseainesegud","9":"first","10":"instock","11":"taxable","12":"shipping-taxable","13":"purchasable","14":"product-type-simple"},"_links":{"self":[{"href":"https:\/\/pipraveski.ee\/en\/wp-json\/wp\/v2\/product\/1163","targetHints":{"allow":["GET"]}}],"collection":[{"href":"https:\/\/pipraveski.ee\/en\/wp-json\/wp\/v2\/product"}],"about":[{"href":"https:\/\/pipraveski.ee\/en\/wp-json\/wp\/v2\/types\/product"}],"wp:featuredmedia":[{"embeddable":true,"href":"https:\/\/pipraveski.ee\/en\/wp-json\/wp\/v2\/media\/6046"}],"wp:attachment":[{"href":"https:\/\/pipraveski.ee\/en\/wp-json\/wp\/v2\/media?parent=1163"}],"wp:term":[{"taxonomy":"product_brand","embeddable":true,"href":"https:\/\/pipraveski.ee\/en\/wp-json\/wp\/v2\/product_brand?post=1163"},{"taxonomy":"product_cat","embeddable":true,"href":"https:\/\/pipraveski.ee\/en\/wp-json\/wp\/v2\/product_cat?post=1163"},{"taxonomy":"product_tag","embeddable":true,"href":"https:\/\/pipraveski.ee\/en\/wp-json\/wp\/v2\/product_tag?post=1163"}],"curies":[{"name":"wp","href":"https:\/\/api.w.org\/{rel}","templated":true}]}}