{"id":1162,"date":"2025-10-22T19:05:08","date_gmt":"2025-10-22T16:05:08","guid":{"rendered":"https:\/\/pipraveski.ee\/?post_type=product&#038;p=1162"},"modified":"2026-04-17T11:33:05","modified_gmt":"2026-04-17T08:33:05","slug":"seesamioli-amoy-150ml","status":"publish","type":"product","link":"https:\/\/pipraveski.ee\/en\/product\/seesamioli-amoy-150ml\/","title":{"rendered":"Sesame oil, Amoy, 150ml"},"content":{"rendered":"<p>Delicious sesame oil from Hong Kong! Also suitable for vegetarians.<br \/>\nUse in dishes to get more flavour!<\/p>\n<p><strong>Ingredients:<\/strong> 100% Sesame oil.<\/p>\n<p>Nutrition information per 100g:<br \/>\nEnergy content 3404kJ \/ 828kcal<br \/>\nCarbohydrates 0g<br \/>\nFats 92g<br \/>\nof which saturated fatty acids 14g<br \/>\nProtein 0g<br \/>\nSalt 0g<\/p>\n<p>Store in a cool, dry place. Avoid direct sunlight.<\/p>\n<p>Country of origin: Hong Kong<\/p>","protected":false},"excerpt":{"rendered":"<p>Maitsev seesami\u00f5li Hongkongist! Sobib ka taimetoitlastele. Kasutage roogades, et saada rohkem maitset! Koostisosad: 100% seesami\u00f5li. Toitumisalane teave 100g kohta: Energiasisaldus 3404kJ \/ 828kcal S\u00fcsivesikud 0g Rasvad 92g millest k\u00fcllastunud rasvhapped 14g Valgud 0g Sool 0g Hoiustage jahedas ja kuivas kohas. V\u00e4ltige otsest p\u00e4ikesevalgust. P\u00e4ritolumaa: Hongkong<\/p>","protected":false},"featured_media":1192,"template":"","meta":[],"product_brand":[],"product_cat":[315],"product_tag":[],"class_list":{"0":"post-1162","1":"product","2":"type-product","3":"status-publish","4":"has-post-thumbnail","6":"product_cat-olid-rasvad","8":"first","9":"instock","10":"taxable","11":"shipping-taxable","12":"purchasable","13":"product-type-simple"},"_links":{"self":[{"href":"https:\/\/pipraveski.ee\/en\/wp-json\/wp\/v2\/product\/1162","targetHints":{"allow":["GET"]}}],"collection":[{"href":"https:\/\/pipraveski.ee\/en\/wp-json\/wp\/v2\/product"}],"about":[{"href":"https:\/\/pipraveski.ee\/en\/wp-json\/wp\/v2\/types\/product"}],"wp:featuredmedia":[{"embeddable":true,"href":"https:\/\/pipraveski.ee\/en\/wp-json\/wp\/v2\/media\/1192"}],"wp:attachment":[{"href":"https:\/\/pipraveski.ee\/en\/wp-json\/wp\/v2\/media?parent=1162"}],"wp:term":[{"taxonomy":"product_brand","embeddable":true,"href":"https:\/\/pipraveski.ee\/en\/wp-json\/wp\/v2\/product_brand?post=1162"},{"taxonomy":"product_cat","embeddable":true,"href":"https:\/\/pipraveski.ee\/en\/wp-json\/wp\/v2\/product_cat?post=1162"},{"taxonomy":"product_tag","embeddable":true,"href":"https:\/\/pipraveski.ee\/en\/wp-json\/wp\/v2\/product_tag?post=1162"}],"curies":[{"name":"wp","href":"https:\/\/api.w.org\/{rel}","templated":true}]}}