{"id":1161,"date":"2025-10-22T19:05:08","date_gmt":"2025-10-22T16:05:08","guid":{"rendered":"https:\/\/pipraveski.ee\/?post_type=product&#038;p=1161"},"modified":"2026-04-17T11:31:42","modified_gmt":"2026-04-17T08:31:42","slug":"lohe-soolamise-segu-graved-lachs-130g","status":"publish","type":"product","link":"https:\/\/pipraveski.ee\/en\/product\/lohe-soolamise-segu-graved-lachs-130g\/","title":{"rendered":"Salmon salting mix (Graved Lachs), HELA, 130g"},"content":{"rendered":"<p>Use: remove the salmon from the bones, sprinkle with salt, sugar and Graved Salmon seasoning, let stand.<\/p>\n<p>Ingredients: coriander, pepper, liquorice root, juniper berries, SINEEDS, cloves, spice, rosemary, marjoram, thyme, bay leaf, spices and herbs.<\/p>\n<p>Consumption standard: 50g of spice mix per 1kg of fish.<\/p>","protected":false},"excerpt":{"rendered":"<p>Kasutamine: eemalda l\u00f5helt luud, raputa peale sool, suhkur ja Graved Lachs maitsesegu, lase seista. Koostisosad: koriander, pipar, lagritsajuur, kadakamarjad, SINEPIseemned, nelk, v\u00fcrts, rosmariin, majoraan, t\u00fc\u00fcmian, loorber, v\u00fcrtsi- ja maitsetaimed. Kulunorm: 50g v\u00fcrtsisegu 1kg kalale.<\/p>","protected":false},"featured_media":1191,"template":"","meta":[],"product_brand":[244],"product_cat":[307],"product_tag":[],"class_list":{"0":"post-1161","1":"product","2":"type-product","3":"status-publish","4":"has-post-thumbnail","6":"product_brand-hela","7":"product_cat-maitseainesegud","9":"first","10":"outofstock","11":"taxable","12":"shipping-taxable","13":"purchasable","14":"product-type-simple"},"_links":{"self":[{"href":"https:\/\/pipraveski.ee\/en\/wp-json\/wp\/v2\/product\/1161","targetHints":{"allow":["GET"]}}],"collection":[{"href":"https:\/\/pipraveski.ee\/en\/wp-json\/wp\/v2\/product"}],"about":[{"href":"https:\/\/pipraveski.ee\/en\/wp-json\/wp\/v2\/types\/product"}],"wp:featuredmedia":[{"embeddable":true,"href":"https:\/\/pipraveski.ee\/en\/wp-json\/wp\/v2\/media\/1191"}],"wp:attachment":[{"href":"https:\/\/pipraveski.ee\/en\/wp-json\/wp\/v2\/media?parent=1161"}],"wp:term":[{"taxonomy":"product_brand","embeddable":true,"href":"https:\/\/pipraveski.ee\/en\/wp-json\/wp\/v2\/product_brand?post=1161"},{"taxonomy":"product_cat","embeddable":true,"href":"https:\/\/pipraveski.ee\/en\/wp-json\/wp\/v2\/product_cat?post=1161"},{"taxonomy":"product_tag","embeddable":true,"href":"https:\/\/pipraveski.ee\/en\/wp-json\/wp\/v2\/product_tag?post=1161"}],"curies":[{"name":"wp","href":"https:\/\/api.w.org\/{rel}","templated":true}]}}