{"id":1157,"date":"2025-10-22T19:05:08","date_gmt":"2025-10-22T16:05:08","guid":{"rendered":"https:\/\/pipraveski.ee\/?post_type=product&#038;p=1157"},"modified":"2026-04-17T11:32:23","modified_gmt":"2026-04-17T08:32:23","slug":"pizza-maitseainesegu-tsilliga-35g","status":"publish","type":"product","link":"https:\/\/pipraveski.ee\/en\/product\/pizza-maitseainesegu-tsilliga-35g\/","title":{"rendered":"Pizza seasoning, with chilli, 35g"},"content":{"rendered":"<p>Chili Pizza Herbs sobib&nbsp;pitsaga, lasanjega, pastakastmete ja paljude teiste v\u00fcrtsikate Itaalia roogadega.<\/p>\n<p>Koostisosad: Paprika, pune, t\u0161illid, basiilik, sibul, tomat, petersell, pipar, rosmariin, k\u00fc\u00fcslauk, t\u00fc\u00fcmian, harakputk, leeskputk.<\/p>\n<h4 style=\"line-height: 1.625rem;margin: 0.625rem 0rem;, sans-serif;font-weight: 700;font-size: 1rem\">&nbsp;<\/h4>","protected":false},"excerpt":{"rendered":"<p>Chili Pizza Herbs sobib&nbsp;pitsaga, lasanjega, pastakastmete ja paljude teiste v\u00fcrtsikate Itaalia roogadega. Koostisosad: Paprika, pune, t\u0161illid, basiilik, sibul, tomat, petersell, pipar, rosmariin, k\u00fc\u00fcslauk, t\u00fc\u00fcmian, harakputk, leeskputk. &nbsp;<\/p>","protected":false},"featured_media":1187,"template":"","meta":[],"product_brand":[],"product_cat":[307],"product_tag":[],"class_list":{"0":"post-1157","1":"product","2":"type-product","3":"status-publish","4":"has-post-thumbnail","6":"product_cat-maitseainesegud","8":"first","9":"instock","10":"taxable","11":"shipping-taxable","12":"purchasable","13":"product-type-simple"},"_links":{"self":[{"href":"https:\/\/pipraveski.ee\/en\/wp-json\/wp\/v2\/product\/1157","targetHints":{"allow":["GET"]}}],"collection":[{"href":"https:\/\/pipraveski.ee\/en\/wp-json\/wp\/v2\/product"}],"about":[{"href":"https:\/\/pipraveski.ee\/en\/wp-json\/wp\/v2\/types\/product"}],"wp:featuredmedia":[{"embeddable":true,"href":"https:\/\/pipraveski.ee\/en\/wp-json\/wp\/v2\/media\/1187"}],"wp:attachment":[{"href":"https:\/\/pipraveski.ee\/en\/wp-json\/wp\/v2\/media?parent=1157"}],"wp:term":[{"taxonomy":"product_brand","embeddable":true,"href":"https:\/\/pipraveski.ee\/en\/wp-json\/wp\/v2\/product_brand?post=1157"},{"taxonomy":"product_cat","embeddable":true,"href":"https:\/\/pipraveski.ee\/en\/wp-json\/wp\/v2\/product_cat?post=1157"},{"taxonomy":"product_tag","embeddable":true,"href":"https:\/\/pipraveski.ee\/en\/wp-json\/wp\/v2\/product_tag?post=1157"}],"curies":[{"name":"wp","href":"https:\/\/api.w.org\/{rel}","templated":true}]}}