{"id":1155,"date":"2025-10-22T19:05:07","date_gmt":"2025-10-22T16:05:07","guid":{"rendered":"https:\/\/pipraveski.ee\/?post_type=product&#038;p=1155"},"modified":"2026-04-17T11:31:38","modified_gmt":"2026-04-17T08:31:38","slug":"kiirnuudlid-volcano-chicken-paldo-140g","status":"publish","type":"product","link":"https:\/\/pipraveski.ee\/en\/product\/kiirnuudlid-volcano-chicken-paldo-140g\/","title":{"rendered":"Kiwi noodles, Volcano Chicken, PALDO, 140g"},"content":{"rendered":"<p>Vulkaanilise teravusega kanamaitselised kiirnuudlid.<\/p>\n<p>Koostisosad:<br \/>\n<u>Nuudlid<\/u>: NISUjahu, kartuli t\u00e4rklis,&nbsp;modifitseeritud kartuli t\u00e4rklis, palmi\u00f5li, sool, emulgeeritud \u00f5li (p\u00e4evalille\u00f5li, emulgaator: SOJA letsitiin),&nbsp;NISU GLUTEEN, k\u00f6\u00f6givilja ekstrakt (k\u00fc\u00fcslauk, sibul), p\u00e4rmiekstrakt, happesuse regulaatorid: E501, E500, E339, paksendaja: E412, v\u00e4rvaine: E101, rohelise tee ekstrakt.<br \/>\n<u>Maitseaine kaste<\/u>: v\u00fcrtsikas kaste (t\u0161illipulber, t\u0161illiekstrakt, SOJA kaste [SOJA, NISU, sool], maitsetugevdaja: E621, punane pipar), vesi, fruktoos, suhkur, SOJA kaste (SOJA, NISU, sool), p\u00e4rmiekstrakt, t\u0161illipulber, maltodekstriin, gl\u00fckoos, sool, maitsetugevdaja: E635, veise maitseaine, kana maitseaine, k\u00fc\u00fcslaugupulber, karripulber (kurkum, maitsetugevdaja: E621, SINEP), SOJA \u00f5li, paprika, karamelli siirup, ingveri ekstrakt, modifitseeritud tapioki t\u00e4rklis.<br \/>\n<u>Helbed<\/u>: r\u00f6stitud SEESAM, merevetikas.<\/p>\n<p>Valmistamine:<br \/>\nAseta nuudlid 600ml keevasse vette 3 ja pooleks minutiks. Vala enamus vesi \u00e4ra, j\u00e4ta potti ca 7 spl vett, lisa kastme pakk ja sega madalal kuumusel ca 30 sek. Keera kuumus maha, lisa helbed ja sega.<br \/>\nServeerimisel soovitav lisada veel sibulat, \u0161alottsibulat, k\u00fc\u00fcslauku, t\u0161illipulbrit.<\/p>\n<p>Toitumisalane teave 100g kohta:<br \/>\nEnergiasisaldus 1548kJ\/369kcal<br \/>\nRasvad 10g<br \/>\nmillest k\u00fcllastunud rasvhapped 5g<br \/>\nS\u00fcsivesikud 63g<br \/>\nmillest suhkrud 9,3g<br \/>\nValgud 7,1g<br \/>\nSool 2,3g<\/p>\n","protected":false},"excerpt":{"rendered":"<p>V\u00e4ga teravad kanamaitselised kiirnuudlid<\/p>","protected":false},"featured_media":1185,"template":"","meta":[],"product_brand":[],"product_cat":[320],"product_tag":[],"class_list":{"0":"post-1155","1":"product","2":"type-product","3":"status-publish","4":"has-post-thumbnail","6":"product_cat-riis-nuudlid","8":"first","9":"outofstock","10":"taxable","11":"shipping-taxable","12":"purchasable","13":"product-type-simple"},"_links":{"self":[{"href":"https:\/\/pipraveski.ee\/en\/wp-json\/wp\/v2\/product\/1155","targetHints":{"allow":["GET"]}}],"collection":[{"href":"https:\/\/pipraveski.ee\/en\/wp-json\/wp\/v2\/product"}],"about":[{"href":"https:\/\/pipraveski.ee\/en\/wp-json\/wp\/v2\/types\/product"}],"wp:featuredmedia":[{"embeddable":true,"href":"https:\/\/pipraveski.ee\/en\/wp-json\/wp\/v2\/media\/1185"}],"wp:attachment":[{"href":"https:\/\/pipraveski.ee\/en\/wp-json\/wp\/v2\/media?parent=1155"}],"wp:term":[{"taxonomy":"product_brand","embeddable":true,"href":"https:\/\/pipraveski.ee\/en\/wp-json\/wp\/v2\/product_brand?post=1155"},{"taxonomy":"product_cat","embeddable":true,"href":"https:\/\/pipraveski.ee\/en\/wp-json\/wp\/v2\/product_cat?post=1155"},{"taxonomy":"product_tag","embeddable":true,"href":"https:\/\/pipraveski.ee\/en\/wp-json\/wp\/v2\/product_tag?post=1155"}],"curies":[{"name":"wp","href":"https:\/\/api.w.org\/{rel}","templated":true}]}}