{"id":1150,"date":"2025-10-22T19:05:07","date_gmt":"2025-10-22T16:05:07","guid":{"rendered":"https:\/\/pipraveski.ee\/?post_type=product&#038;p=1150"},"modified":"2026-04-17T11:32:18","modified_gmt":"2026-04-17T08:32:18","slug":"melindas-peri-peri-kuuslaugu-kuum-kaste-355ml","status":"publish","type":"product","link":"https:\/\/pipraveski.ee\/en\/product\/melindas-peri-peri-kuuslaugu-kuum-kaste-355ml\/","title":{"rendered":"Melindas peri peri garlic hot sauce, 355ml"},"content":{"rendered":"<p>Melinda Peri Peri k\u00fc\u00fcslaugu kuum kaste on maitsev segu cayenne&#8217;i ja tabasco t\u0161illipipardest.<br \/>\nMelinda filosoofia on lihtne, kuumus ja maitse t\u00e4hendavad k\u00f5ike. Kaste, millesse on segatud punaseid t\u0161illipipraid ja aromaatseid koostisosi, milleks on k\u00fc\u00fcslauk, sidrun ja \u00fcrdid.<\/p>\n<p>Kasutamine: mitmek\u00fclgne kaste, mis toimib marinaadi, basting-kastme ja maitseainena. Ideaalne grillitud ja r\u00f6stitud kana, sealiha, kala ja k\u00f6\u00f6giviljade jaoks.<\/p>\n<p><strong>Ingredients:<\/strong> Sidrunimahl, valge \u00e4\u00e4dikas, valge sibul, vesi, k\u00fc\u00fcslauk, sool, rapsi taime\u00f5li, tabasco pipra puder, cayenne&#8217;i pipra puder, suhkur, tomatipasta, k\u00fc\u00fcslaugupulber, sidrunipulber, sibulahelbed, paprika, sidrunhape, piparm\u00fcnt, ksantaankummi, annatto pulber, kuivatatud petersell, sibulapulber, looduslik maitse (sidrun), paprika \u00f5livaik.<\/p>\n<p><strong>Teadaolevad allergeenid:<\/strong><br \/>\nV\u00f5ib sisaldada puup\u00e4hklite (kookosp\u00e4hkli) j\u00e4lgi. See toode on valmistatud tehases, mis t\u00f6\u00f6tleb: muna, sojaoad, nisu.<\/p>\n<p>Nutrition information per 100 g:<br \/>\nEnergiasisaldus 322,38kJ \/ 77kcal<br \/>\nFats 0,0g<br \/>\nof which saturated fatty acids 0,0g<br \/>\nS\u00fcsivesikud 20,0g<br \/>\nmillest suhkruid 0,0g<br \/>\nProtein 0,0g<br \/>\nSool 1,3g<\/p>","protected":false},"excerpt":{"rendered":"<p>Melinda Peri Peri k\u00fc\u00fcslaugu kuum kaste on maitsev segu cayenne&#8217;i ja tabasco t\u0161illipipardest. Melinda filosoofia on lihtne, kuumus ja maitse t\u00e4hendavad k\u00f5ike. Kaste, millesse on segatud punaseid t\u0161illipipraid ja aromaatseid koostisosi, milleks on k\u00fc\u00fcslauk, sidrun ja \u00fcrdid. Kasutamine: mitmek\u00fclgne kaste, mis toimib marinaadi, basting-kastme ja maitseainena. Ideaalne grillitud ja r\u00f6stitud kana, sealiha, kala ja k\u00f6\u00f6giviljade [&hellip;]<\/p>\n","protected":false},"featured_media":1180,"template":"","meta":[],"product_brand":[],"product_cat":[317],"product_tag":[],"class_list":{"0":"post-1150","1":"product","2":"type-product","3":"status-publish","4":"has-post-thumbnail","6":"product_cat-kastmed-sinepid-tsatnid","8":"first","9":"outofstock","10":"taxable","11":"shipping-taxable","12":"purchasable","13":"product-type-simple"},"_links":{"self":[{"href":"https:\/\/pipraveski.ee\/en\/wp-json\/wp\/v2\/product\/1150","targetHints":{"allow":["GET"]}}],"collection":[{"href":"https:\/\/pipraveski.ee\/en\/wp-json\/wp\/v2\/product"}],"about":[{"href":"https:\/\/pipraveski.ee\/en\/wp-json\/wp\/v2\/types\/product"}],"wp:featuredmedia":[{"embeddable":true,"href":"https:\/\/pipraveski.ee\/en\/wp-json\/wp\/v2\/media\/1180"}],"wp:attachment":[{"href":"https:\/\/pipraveski.ee\/en\/wp-json\/wp\/v2\/media?parent=1150"}],"wp:term":[{"taxonomy":"product_brand","embeddable":true,"href":"https:\/\/pipraveski.ee\/en\/wp-json\/wp\/v2\/product_brand?post=1150"},{"taxonomy":"product_cat","embeddable":true,"href":"https:\/\/pipraveski.ee\/en\/wp-json\/wp\/v2\/product_cat?post=1150"},{"taxonomy":"product_tag","embeddable":true,"href":"https:\/\/pipraveski.ee\/en\/wp-json\/wp\/v2\/product_tag?post=1150"}],"curies":[{"name":"wp","href":"https:\/\/api.w.org\/{rel}","templated":true}]}}