{"id":1146,"date":"2025-10-22T19:05:07","date_gmt":"2025-10-22T16:05:07","guid":{"rendered":"https:\/\/pipraveski.ee\/?post_type=product&#038;p=1146"},"modified":"2026-04-17T11:32:22","modified_gmt":"2026-04-17T08:32:22","slug":"seene-sojakaste-taimne-healthyboy-300ml","status":"publish","type":"product","link":"https:\/\/pipraveski.ee\/en\/product\/seene-sojakaste-taimne-healthyboy-300ml\/","title":{"rendered":"Mushroom soy sauce (vegetable), HealthyBoy, 300ml"},"content":{"rendered":"<p>Taimne seene kaste on valmistatud valitud seene ekstraktist ja taimsetest lisanditest.<br \/>\nSobib iga taimse toiduga kui ka dipiks.<\/p>\n<p>Koostisosad: vesi, SOJAkaste 20% (vesi, SOJAoad, NISUjahu, sool), seene ekstrakt 10%, suhkur, sool, gl\u00fckoosisiirup, maitsetugevdaja: E621, modifitseeritud maisit\u00e4rklis, s\u00e4ilitusaine: E211.<\/p>\n<p>ERITELLIMUSTOODE!<br \/>\nTellimisel miinimum kogus kast (12tk).<\/p>","protected":false},"excerpt":{"rendered":"<p>Taimetoitudele ja dipiks<\/p>","protected":false},"featured_media":1176,"template":"","meta":[],"product_brand":[],"product_cat":[317],"product_tag":[],"class_list":{"0":"post-1146","1":"product","2":"type-product","3":"status-publish","4":"has-post-thumbnail","6":"product_cat-kastmed-sinepid-tsatnid","8":"first","9":"instock","10":"taxable","11":"shipping-taxable","12":"purchasable","13":"product-type-simple"},"_links":{"self":[{"href":"https:\/\/pipraveski.ee\/en\/wp-json\/wp\/v2\/product\/1146","targetHints":{"allow":["GET"]}}],"collection":[{"href":"https:\/\/pipraveski.ee\/en\/wp-json\/wp\/v2\/product"}],"about":[{"href":"https:\/\/pipraveski.ee\/en\/wp-json\/wp\/v2\/types\/product"}],"wp:featuredmedia":[{"embeddable":true,"href":"https:\/\/pipraveski.ee\/en\/wp-json\/wp\/v2\/media\/1176"}],"wp:attachment":[{"href":"https:\/\/pipraveski.ee\/en\/wp-json\/wp\/v2\/media?parent=1146"}],"wp:term":[{"taxonomy":"product_brand","embeddable":true,"href":"https:\/\/pipraveski.ee\/en\/wp-json\/wp\/v2\/product_brand?post=1146"},{"taxonomy":"product_cat","embeddable":true,"href":"https:\/\/pipraveski.ee\/en\/wp-json\/wp\/v2\/product_cat?post=1146"},{"taxonomy":"product_tag","embeddable":true,"href":"https:\/\/pipraveski.ee\/en\/wp-json\/wp\/v2\/product_tag?post=1146"}],"curies":[{"name":"wp","href":"https:\/\/api.w.org\/{rel}","templated":true}]}}