{"id":1116,"date":"2025-10-22T19:04:56","date_gmt":"2025-10-22T16:04:56","guid":{"rendered":"https:\/\/pipraveski.ee\/?post_type=product&#038;p=1116"},"modified":"2026-04-17T11:32:22","modified_gmt":"2026-04-17T08:32:22","slug":"kaste-hoisin-thai-dancer-300ml","status":"publish","type":"product","link":"https:\/\/pipraveski.ee\/en\/product\/kaste-hoisin-thai-dancer-300ml\/","title":{"rendered":"Sauce, hoisin, Thai Dancer, 300ml,"},"content":{"rendered":"<p>Hoisin kastet saab kasutada ka dim sumi ja dipikastmena. Proovige hoisini ka oma riisi- ja nuudliroogade v\u00fcrtsitamiseks!<\/p>\n<p>Koostisosad: suhkur, SOJApasta( SOJA, NISUjahu, sool, vesi, suhkur) vesi, k\u00fc\u00fcslauk, maguskartul, v\u00e4rvaine: E150c, modifitseeritud tapiokit\u00e4rklis, sool, E211, E202<\/p>\n<p><span style=\"font-size: 13px\">Nutrition information per 100ml:<\/span><br style=\"font-size: 13px\" \/><br \/>\n<span style=\"font-size: 13px\">Energiasisaldus 1003 kJ \/ 236 kcal<\/span><br style=\"font-size: 13px\" \/><br \/>\n<span style=\"font-size: 13px\">Fats 0,8g<\/span><br style=\"font-size: 13px\" \/><br \/>\n<span style=\"font-size: 13px\">of which saturated fatty acids 0,2g<\/span><br style=\"font-size: 13px\" \/><br \/>\n<span style=\"font-size: 13px\">S\u00fcsivesikud 53 g<\/span><br style=\"font-size: 13px\" \/><br \/>\n<span style=\"font-size: 13px\">millest suhkrud 44 g<\/span><br style=\"font-size: 13px\" \/><br \/>\n<span style=\"font-size: 13px\">Valgud 3,6 g<\/span><br style=\"font-size: 13px\" \/><br \/>\n<span style=\"font-size: 13px\">Salt 4,9 g<\/p>\n<p>Store in the refrigerator after opening.<br \/>\nCountry of origin: Thailand<\/span><\/p>","protected":false},"excerpt":{"rendered":"<p>Hoisini kaste on eriti populaarne Hiinas ja Vietnamis ning seda kasutatakse peamiselt marinaadide ja liha (n\u00e4iteks Pekingi pardi) kastmeks. Uskumatult maitsev!<\/p>","protected":false},"featured_media":1144,"template":"","meta":[],"product_brand":[],"product_cat":[317],"product_tag":[],"class_list":{"0":"post-1116","1":"product","2":"type-product","3":"status-publish","4":"has-post-thumbnail","6":"product_cat-kastmed-sinepid-tsatnid","8":"first","9":"instock","10":"taxable","11":"shipping-taxable","12":"purchasable","13":"product-type-simple"},"_links":{"self":[{"href":"https:\/\/pipraveski.ee\/en\/wp-json\/wp\/v2\/product\/1116","targetHints":{"allow":["GET"]}}],"collection":[{"href":"https:\/\/pipraveski.ee\/en\/wp-json\/wp\/v2\/product"}],"about":[{"href":"https:\/\/pipraveski.ee\/en\/wp-json\/wp\/v2\/types\/product"}],"wp:featuredmedia":[{"embeddable":true,"href":"https:\/\/pipraveski.ee\/en\/wp-json\/wp\/v2\/media\/1144"}],"wp:attachment":[{"href":"https:\/\/pipraveski.ee\/en\/wp-json\/wp\/v2\/media?parent=1116"}],"wp:term":[{"taxonomy":"product_brand","embeddable":true,"href":"https:\/\/pipraveski.ee\/en\/wp-json\/wp\/v2\/product_brand?post=1116"},{"taxonomy":"product_cat","embeddable":true,"href":"https:\/\/pipraveski.ee\/en\/wp-json\/wp\/v2\/product_cat?post=1116"},{"taxonomy":"product_tag","embeddable":true,"href":"https:\/\/pipraveski.ee\/en\/wp-json\/wp\/v2\/product_tag?post=1116"}],"curies":[{"name":"wp","href":"https:\/\/api.w.org\/{rel}","templated":true}]}}