{"id":1111,"date":"2025-10-22T19:04:55","date_gmt":"2025-10-22T16:04:55","guid":{"rendered":"https:\/\/pipraveski.ee\/?post_type=product&#038;p=1111"},"modified":"2026-04-17T11:32:50","modified_gmt":"2026-04-17T08:32:50","slug":"noateritaja-luisk-cerax-2000-3000","status":"publish","type":"product","link":"https:\/\/pipraveski.ee\/en\/product\/noateritaja-luisk-cerax-2000-3000\/","title":{"rendered":"Noater \/ ramp, Cerax #2000\/3000"},"content":{"rendered":"<p>Cerax kvaliteetne noaterituse komplekt keraamiliste kividega.<\/p>\n<p>Kaks erinevat kivi ja kaasas ka Nagura kivi.<br \/>\nNagura kivi kasutatakse kivi pinna puhastamiseks ja poleerimispasta tegemiseks.<\/p>\n<p>Cerax on Suehiro ettev\u00f5tte k\u00f5ige tuntum br\u00e4nd.<br \/>\nKvaliteetsete nugade tera sulami (nt kroom ja vanaadium) jaoks on vaja kivi teritajat, mis kulub aeglaselt.<\/p>\n<p>Enne kasutamist loputage kive vees v\u00e4hemalt 10 minutit, kuid \u00e4rge hoidke neid pidevalt vees.<\/p>","protected":false},"excerpt":{"rendered":"<p>Noa terituse keraamiline kivi<\/p>","protected":false},"featured_media":1139,"template":"","meta":[],"product_brand":[],"product_cat":[336],"product_tag":[],"class_list":{"0":"post-1111","1":"product","2":"type-product","3":"status-publish","4":"has-post-thumbnail","6":"product_cat-noad","8":"first","9":"instock","10":"taxable","11":"shipping-taxable","12":"purchasable","13":"product-type-simple"},"_links":{"self":[{"href":"https:\/\/pipraveski.ee\/en\/wp-json\/wp\/v2\/product\/1111","targetHints":{"allow":["GET"]}}],"collection":[{"href":"https:\/\/pipraveski.ee\/en\/wp-json\/wp\/v2\/product"}],"about":[{"href":"https:\/\/pipraveski.ee\/en\/wp-json\/wp\/v2\/types\/product"}],"wp:featuredmedia":[{"embeddable":true,"href":"https:\/\/pipraveski.ee\/en\/wp-json\/wp\/v2\/media\/1139"}],"wp:attachment":[{"href":"https:\/\/pipraveski.ee\/en\/wp-json\/wp\/v2\/media?parent=1111"}],"wp:term":[{"taxonomy":"product_brand","embeddable":true,"href":"https:\/\/pipraveski.ee\/en\/wp-json\/wp\/v2\/product_brand?post=1111"},{"taxonomy":"product_cat","embeddable":true,"href":"https:\/\/pipraveski.ee\/en\/wp-json\/wp\/v2\/product_cat?post=1111"},{"taxonomy":"product_tag","embeddable":true,"href":"https:\/\/pipraveski.ee\/en\/wp-json\/wp\/v2\/product_tag?post=1111"}],"curies":[{"name":"wp","href":"https:\/\/api.w.org\/{rel}","templated":true}]}}