{"id":1101,"date":"2025-10-22T19:04:55","date_gmt":"2025-10-22T16:04:55","guid":{"rendered":"https:\/\/pipraveski.ee\/?post_type=product&#038;p=1101"},"modified":"2026-04-17T11:32:14","modified_gmt":"2026-04-17T08:32:14","slug":"ajowan-seemned-trs-1kg","status":"publish","type":"product","link":"https:\/\/pipraveski.ee\/en\/product\/ajowan-seemned-trs-1kg\/","title":{"rendered":"Ajowan seeds, TRS, 1kg"},"content":{"rendered":"<p>Ajowan on m\u00f5rkja ja pisut terava, t\u00fc\u00fcmianit meenutava maitsega.<br \/>\nAjowan seemneid kasutatakse karride, l\u00e4\u00e4tsetoitude, k\u00fcpsetiste, naanleibade, kalatoidude, marinaadide ja suupistete maitsestamiseks.<\/p>\n<p>Koostis: karusk\u00f6\u00f6mned.<\/p>\n<p>Nutrition information per 100g:<br \/>\nEnergiasisaldus 1276KJ\/305kcal<br \/>\nRasvad 25g<br \/>\nmillest k\u00fcllastunud rasvhapped 4g<br \/>\nS\u00fcsivesikuid 43g<br \/>\nof which sugars 0g<br \/>\nKiudaineid 39g<br \/>\nValgud 16g<br \/>\nSool 0,02g<\/p>","protected":false},"excerpt":{"rendered":"<p>Ajowan on m\u00f5rkja ja pisut terava, t\u00fc\u00fcmianit meenutava maitsega. Ajowan seemneid kasutatakse karride, l\u00e4\u00e4tsetoitude, k\u00fcpsetiste, naanleibade, kalatoidude, marinaadide ja suupistete maitsestamiseks. Koostis: karusk\u00f6\u00f6mned. Toitumisalane teave 100g kohta: Energiasisaldus 1276KJ\/305kcal Rasvad 25g millest k\u00fcllastunud rasvhapped 4g S\u00fcsivesikuid 43g millest suhkruid 0g Kiudaineid 39g Valgud 16g Sool 0,02g<\/p>","protected":false},"featured_media":1129,"template":"","meta":[],"product_brand":[],"product_cat":[321],"product_tag":[],"class_list":{"0":"post-1101","1":"product","2":"type-product","3":"status-publish","4":"has-post-thumbnail","6":"product_cat-seemned-marjad-seened-jmt","8":"first","9":"instock","10":"taxable","11":"shipping-taxable","12":"purchasable","13":"product-type-simple"},"_links":{"self":[{"href":"https:\/\/pipraveski.ee\/en\/wp-json\/wp\/v2\/product\/1101","targetHints":{"allow":["GET"]}}],"collection":[{"href":"https:\/\/pipraveski.ee\/en\/wp-json\/wp\/v2\/product"}],"about":[{"href":"https:\/\/pipraveski.ee\/en\/wp-json\/wp\/v2\/types\/product"}],"wp:featuredmedia":[{"embeddable":true,"href":"https:\/\/pipraveski.ee\/en\/wp-json\/wp\/v2\/media\/1129"}],"wp:attachment":[{"href":"https:\/\/pipraveski.ee\/en\/wp-json\/wp\/v2\/media?parent=1101"}],"wp:term":[{"taxonomy":"product_brand","embeddable":true,"href":"https:\/\/pipraveski.ee\/en\/wp-json\/wp\/v2\/product_brand?post=1101"},{"taxonomy":"product_cat","embeddable":true,"href":"https:\/\/pipraveski.ee\/en\/wp-json\/wp\/v2\/product_cat?post=1101"},{"taxonomy":"product_tag","embeddable":true,"href":"https:\/\/pipraveski.ee\/en\/wp-json\/wp\/v2\/product_tag?post=1101"}],"curies":[{"name":"wp","href":"https:\/\/api.w.org\/{rel}","templated":true}]}}