{"id":1100,"date":"2025-10-22T19:04:55","date_gmt":"2025-10-22T16:04:55","guid":{"rendered":"https:\/\/pipraveski.ee\/?post_type=product&#038;p=1100"},"modified":"2026-04-17T11:32:15","modified_gmt":"2026-04-17T08:32:15","slug":"roheline-tee-matcha-80g","status":"publish","type":"product","link":"https:\/\/pipraveski.ee\/en\/product\/roheline-tee-matcha-80g\/","title":{"rendered":"Green tea, Matcha, 80g"},"content":{"rendered":"<p>Rohelise tee pulber &#8211; Matcha.<br \/>\nMatcha saadakse roheliste teelehtede jahvatamisel.<br \/>\nSeega teena juuakse \u00e4ra kuumas vees lahustunud teelehed, mis tavalist teed tehes j\u00e4rele j\u00e4\u00e4vad.<\/p>\n<p>Preparation:<br \/>\n2 tl matcha pulbrit lahustada 1 klaasis 70-80\u00b0C vedelikus (vesi, piim vms).<br \/>\nLahustamiseks soovitav kasutada Matcha bambusest visplit.<\/p>\n<p>V\u00f5ib lisada ka smuutidesse, j\u00e4\u00e4tistele v\u00f5i muudesse toitudesse, et anda roale ilus roheline v\u00e4rv ja rikastada toitu.<\/p>","protected":false},"excerpt":{"rendered":"<p>Rohelise tee pulber<\/p>","protected":false},"featured_media":1128,"template":"","meta":[],"product_brand":[288],"product_cat":[327],"product_tag":[],"class_list":{"0":"post-1100","1":"product","2":"type-product","3":"status-publish","4":"has-post-thumbnail","6":"product_brand-tian-hu-shan","7":"product_cat-kohv-tee","9":"first","10":"instock","11":"taxable","12":"shipping-taxable","13":"purchasable","14":"product-type-simple"},"_links":{"self":[{"href":"https:\/\/pipraveski.ee\/en\/wp-json\/wp\/v2\/product\/1100","targetHints":{"allow":["GET"]}}],"collection":[{"href":"https:\/\/pipraveski.ee\/en\/wp-json\/wp\/v2\/product"}],"about":[{"href":"https:\/\/pipraveski.ee\/en\/wp-json\/wp\/v2\/types\/product"}],"wp:featuredmedia":[{"embeddable":true,"href":"https:\/\/pipraveski.ee\/en\/wp-json\/wp\/v2\/media\/1128"}],"wp:attachment":[{"href":"https:\/\/pipraveski.ee\/en\/wp-json\/wp\/v2\/media?parent=1100"}],"wp:term":[{"taxonomy":"product_brand","embeddable":true,"href":"https:\/\/pipraveski.ee\/en\/wp-json\/wp\/v2\/product_brand?post=1100"},{"taxonomy":"product_cat","embeddable":true,"href":"https:\/\/pipraveski.ee\/en\/wp-json\/wp\/v2\/product_cat?post=1100"},{"taxonomy":"product_tag","embeddable":true,"href":"https:\/\/pipraveski.ee\/en\/wp-json\/wp\/v2\/product_tag?post=1100"}],"curies":[{"name":"wp","href":"https:\/\/api.w.org\/{rel}","templated":true}]}}