{"id":1098,"date":"2025-10-22T19:04:55","date_gmt":"2025-10-22T16:04:55","guid":{"rendered":"https:\/\/pipraveski.ee\/?post_type=product&#038;p=1098"},"modified":"2026-04-17T11:32:05","modified_gmt":"2026-04-17T08:32:05","slug":"karripasta-kollane-chefs-choice-1kg","status":"publish","type":"product","link":"https:\/\/pipraveski.ee\/en\/product\/karripasta-kollane-chefs-choice-1kg\/","title":{"rendered":"Curry paste, yellow, Chef\u00b4s Choice, 1kg"},"content":{"rendered":"<p>Rikkalik ja kreemjas kollane Tai karripasta, mahedam kui roheline ning punane Chef\u00b4s Choice karripasta.<br \/>\nKoostisosad: sibul, sidrunhein, sool, petersell, karripulber, k\u00fc\u00fcslauk, kalganijuur, ingver, punane t\u0161illi, apteegitill.<\/p>\n<p>Kasutamine: 50 grammi karripastat segada ja kuumutada 400ml kookospiimaga. Lisada 200 grammi liha, veidi kartulit vm meelep\u00e4rast, kuumutada kuni k\u00fcpsemiseni.<\/p>\n<p>Nutrition information per 100g<br \/>\nEnergiasisaldus 522 kJ \/ 125 kcal<br \/>\nRasvad 3,8g<br \/>\nof which saturated fatty acids 0,3g<br \/>\nS\u00fcsivesikud 11,1g<br \/>\nmillest suhkrud 5g<br \/>\nValgud 5,4g<br \/>\nSool 10,5g<\/p>\n<p>Country of origin: Thailand<\/p>","protected":false},"excerpt":{"rendered":"<p>Rikkalik ja kreemjas kollane Tai karripasta, mahedam.<\/p>","protected":false},"featured_media":1127,"template":"","meta":[],"product_brand":[261],"product_cat":[308],"product_tag":[],"class_list":{"0":"post-1098","1":"product","2":"type-product","3":"status-publish","4":"has-post-thumbnail","6":"product_brand-chefs-choice","7":"product_cat-maitseaine-pastad-kastmed","9":"first","10":"outofstock","11":"taxable","12":"shipping-taxable","13":"purchasable","14":"product-type-simple"},"_links":{"self":[{"href":"https:\/\/pipraveski.ee\/en\/wp-json\/wp\/v2\/product\/1098","targetHints":{"allow":["GET"]}}],"collection":[{"href":"https:\/\/pipraveski.ee\/en\/wp-json\/wp\/v2\/product"}],"about":[{"href":"https:\/\/pipraveski.ee\/en\/wp-json\/wp\/v2\/types\/product"}],"wp:featuredmedia":[{"embeddable":true,"href":"https:\/\/pipraveski.ee\/en\/wp-json\/wp\/v2\/media\/1127"}],"wp:attachment":[{"href":"https:\/\/pipraveski.ee\/en\/wp-json\/wp\/v2\/media?parent=1098"}],"wp:term":[{"taxonomy":"product_brand","embeddable":true,"href":"https:\/\/pipraveski.ee\/en\/wp-json\/wp\/v2\/product_brand?post=1098"},{"taxonomy":"product_cat","embeddable":true,"href":"https:\/\/pipraveski.ee\/en\/wp-json\/wp\/v2\/product_cat?post=1098"},{"taxonomy":"product_tag","embeddable":true,"href":"https:\/\/pipraveski.ee\/en\/wp-json\/wp\/v2\/product_tag?post=1098"}],"curies":[{"name":"wp","href":"https:\/\/api.w.org\/{rel}","templated":true}]}}