{"id":1097,"date":"2025-10-22T19:04:55","date_gmt":"2025-10-22T16:04:55","guid":{"rendered":"https:\/\/pipraveski.ee\/?post_type=product&#038;p=1097"},"modified":"2026-04-17T11:33:08","modified_gmt":"2026-04-17T08:33:08","slug":"loorberilehed-50g","status":"publish","type":"product","link":"https:\/\/pipraveski.ee\/en\/product\/loorberilehed-50g\/","title":{"rendered":"Loorberilehed, HELA, 50g"},"content":{"rendered":"<p>Loorberilehte kasutatakse suppides, hautistes, liharoogades, mereandide ja k\u00f6\u00f6giviljatoitudega.<br \/>\n<span style=\"font-size: 12px\"><span style=\"font-family: Martel, sans-serif\">Suppidele lisage loorberilehed 5 ja praadidele umbes 10 minutit enne valmimist. Kastmeid maitsestage peenestatud loorberilehtedega p\u00e4rast tulelt v\u00f5tmist, kui kastme temperatuur ei \u00fcleta 40 kraadi.&nbsp;Loorberit kasutatakse ka k\u00f6\u00f6giviljade ja seente marineerimisel-hapendamisel, liha-, kala- ning k\u00f6\u00f6giviljakonservides.<\/span><\/span><\/p>\n<p><span style=\"font-size: 12px\"><span style=\"font-family: Martel, sans-serif\">Loorberilehed sisaldavad 2\u20133,5% eeterlikke \u00f5lisid (\u00fclekaalus pineen ja tsineool), \u00e4\u00e4dik-, palderjan- ja kapronhapet. \u00d5li m\u00f5jub tasakaalustavalt ja taastavalt n\u00e4rvis\u00fcsteemile ning takistab p\u00e4rmseente, bakterite ja viiruste levikut.<\/span><\/span><\/p>","protected":false},"excerpt":{"rendered":"<p>Loorberilehte kasutatakse suppides, hautistes, liharoogades, mereandide ja k\u00f6\u00f6giviljatoitudega. Suppidele lisage loorberilehed 5 ja praadidele umbes 10 minutit enne valmimist. Kastmeid maitsestage peenestatud loorberilehtedega p\u00e4rast tulelt v\u00f5tmist, kui kastme temperatuur ei \u00fcleta 40 kraadi.&nbsp;Loorberit kasutatakse ka k\u00f6\u00f6giviljade ja seente marineerimisel-hapendamisel, liha-, kala- ning k\u00f6\u00f6giviljakonservides. Loorberilehed sisaldavad 2\u20133,5% eeterlikke \u00f5lisid (\u00fclekaalus pineen ja tsineool), \u00e4\u00e4dik-, palderjan- ja [&hellip;]<\/p>\n","protected":false},"featured_media":6064,"template":"","meta":[],"product_brand":[244],"product_cat":[338],"product_tag":[],"class_list":{"0":"post-1097","1":"product","2":"type-product","3":"status-publish","4":"has-post-thumbnail","6":"product_brand-hela","7":"product_cat-puhtad-maitsed","9":"first","10":"instock","11":"taxable","12":"shipping-taxable","13":"purchasable","14":"product-type-simple"},"_links":{"self":[{"href":"https:\/\/pipraveski.ee\/en\/wp-json\/wp\/v2\/product\/1097","targetHints":{"allow":["GET"]}}],"collection":[{"href":"https:\/\/pipraveski.ee\/en\/wp-json\/wp\/v2\/product"}],"about":[{"href":"https:\/\/pipraveski.ee\/en\/wp-json\/wp\/v2\/types\/product"}],"wp:featuredmedia":[{"embeddable":true,"href":"https:\/\/pipraveski.ee\/en\/wp-json\/wp\/v2\/media\/6064"}],"wp:attachment":[{"href":"https:\/\/pipraveski.ee\/en\/wp-json\/wp\/v2\/media?parent=1097"}],"wp:term":[{"taxonomy":"product_brand","embeddable":true,"href":"https:\/\/pipraveski.ee\/en\/wp-json\/wp\/v2\/product_brand?post=1097"},{"taxonomy":"product_cat","embeddable":true,"href":"https:\/\/pipraveski.ee\/en\/wp-json\/wp\/v2\/product_cat?post=1097"},{"taxonomy":"product_tag","embeddable":true,"href":"https:\/\/pipraveski.ee\/en\/wp-json\/wp\/v2\/product_tag?post=1097"}],"curies":[{"name":"wp","href":"https:\/\/api.w.org\/{rel}","templated":true}]}}