{"id":1096,"date":"2025-10-22T19:04:55","date_gmt":"2025-10-22T16:04:55","guid":{"rendered":"https:\/\/pipraveski.ee\/?post_type=product&#038;p=1096"},"modified":"2026-04-17T11:32:49","modified_gmt":"2026-04-17T08:32:49","slug":"kalapuljong-bonito-hondashi-100g","status":"publish","type":"product","link":"https:\/\/pipraveski.ee\/en\/product\/kalapuljong-bonito-hondashi-100g\/","title":{"rendered":"Kalapuljongigraanulid, Hondashi, 80g"},"content":{"rendered":"<p>Hondashi (Dashi), or tuna broth concentrate, is used to make broth for many delicious Japanese soups - noodle soup, miso soup, etc.<\/p>\n<p>Dashi is also added to the batter of, for example, Japanese pancake omelettes (okonomiyaki).<br \/>\n(Okonomiyaki - nutritious pancakes rich in seafood, meat, vegetables and properly seasoned).<\/p>\n<p>Preparation: mix 10g of dashi with 2l of water. Add miso paste and prepare miso soup.<br \/>\nSalt content in broth 1,2%.<\/p>\n<p>Koostisosad: maitsetugevdajad (E621, E627, E631), sool, suhkur, kuivatatud KALApulber, p\u00e4rmiekstrakt, h\u00fcdrol\u00fc\u00fcsitud maisiproteiin.<\/p>\n<p>Nutrition information per 100g:<br \/>\nEnergiasisaldus 882kJ\/208kcal<br \/>\nFats &lt;0,5g<br \/>\nof which saturated fatty acids &lt;0,1g<br \/>\nS\u00fcsivesikud 27g<br \/>\nmillest suhkrud 17g<br \/>\nValgud 25g<br \/>\nSool 45g<\/p>\n<p>P\u00e4ritolumaa: Jaapan.<\/p>","protected":false},"excerpt":{"rendered":"<p>Hondashi (Dashi) ehk tuunikalapuljongi kontsentraat, millest valmistatakse puljong mitmele maitsvale jaapani supile &#8211; nuudlisupp, miso supp jm. Dashit lisatakse ka n\u00e4iteks jaapani pannkookide-omlettide (okonomiyaki) taignasse. (Okonomiyaki &#8211; rikkalikud mereandide, liha, k\u00f6\u00f6giviljadega ning korralikult maitsestatud toitvad pannkoogid). Valmistamine: 10g dashit segada 2l veega. Lisa misopasta ning valmista misosupp. Soolasisaldus puljongis 1,2%. Koostisosad: maitsetugevdajad (E621, E627, E631), [&hellip;]<\/p>\n","protected":false},"featured_media":1125,"template":"","meta":[],"product_brand":[],"product_cat":[301],"product_tag":[],"class_list":{"0":"post-1096","1":"product","2":"type-product","3":"status-publish","4":"has-post-thumbnail","6":"product_cat-maitsestamine-ja-kupsetamine","8":"first","9":"instock","10":"taxable","11":"shipping-taxable","12":"purchasable","13":"product-type-simple"},"_links":{"self":[{"href":"https:\/\/pipraveski.ee\/en\/wp-json\/wp\/v2\/product\/1096","targetHints":{"allow":["GET"]}}],"collection":[{"href":"https:\/\/pipraveski.ee\/en\/wp-json\/wp\/v2\/product"}],"about":[{"href":"https:\/\/pipraveski.ee\/en\/wp-json\/wp\/v2\/types\/product"}],"wp:featuredmedia":[{"embeddable":true,"href":"https:\/\/pipraveski.ee\/en\/wp-json\/wp\/v2\/media\/1125"}],"wp:attachment":[{"href":"https:\/\/pipraveski.ee\/en\/wp-json\/wp\/v2\/media?parent=1096"}],"wp:term":[{"taxonomy":"product_brand","embeddable":true,"href":"https:\/\/pipraveski.ee\/en\/wp-json\/wp\/v2\/product_brand?post=1096"},{"taxonomy":"product_cat","embeddable":true,"href":"https:\/\/pipraveski.ee\/en\/wp-json\/wp\/v2\/product_cat?post=1096"},{"taxonomy":"product_tag","embeddable":true,"href":"https:\/\/pipraveski.ee\/en\/wp-json\/wp\/v2\/product_tag?post=1096"}],"curies":[{"name":"wp","href":"https:\/\/api.w.org\/{rel}","templated":true}]}}