{"id":1095,"date":"2025-10-22T19:04:55","date_gmt":"2025-10-22T16:04:55","guid":{"rendered":"https:\/\/pipraveski.ee\/?post_type=product&#038;p=1095"},"modified":"2026-04-17T11:32:58","modified_gmt":"2026-04-17T08:32:58","slug":"kaneelikoor-dalchini-trs-50g","status":"publish","type":"product","link":"https:\/\/pipraveski.ee\/en\/product\/kaneelikoor-dalchini-trs-50g\/","title":{"rendered":"Cinnamon peel, Dalchini, TRS, 50g"},"content":{"rendered":"<p>While Europeans mainly use cinnamon in desserts, in South Asia the spice is often used to finish spicy curries, sauces and marinades. It can be used to accompany extravagant beef curries from Sri Lanka, as well as the subtly spiced and fragrant rice dishes (Biriyanis) of the imperial cuisine of northern India. Cinnamon can also be used to flavour tea.<\/p>\n<p>Ingredients: 100% cinnamon<\/p>\n<p>Nutrition information per 100g:&nbsp;<br \/>\nEnergy 1033kJ \/ 247kcal<br \/>\nFat 1,2g<br \/>\nof which saturated fatty acids 0,3g<br \/>\nCarbohydrates 81g<br \/>\nof which sugars 2,2g<br \/>\nProtein 4g<br \/>\nSalt 0g<br \/>\nCountry of origin: India<\/p>","protected":false},"excerpt":{"rendered":"<p>Kui eurooplased kasutavad kaneeli peamiselt magustoitudes, siis L\u00f5una-Aasias kasutatakse seda v\u00fcrtsi sageli v\u00fcrtsikate karride, kastmete ja marinaadide viimistlemiseks. See sobib nii Sri Lankalt p\u00e4rit ekstravagantsete veiselihakarride kui ka P\u00f5hja-India keiserliku k\u00f6\u00f6gi peenelt v\u00fcrtsitatud ja l\u00f5hnavate riisiroogade (Biriyanis) k\u00f5rvale. Kaneeli v\u00f5ib kasutada ka tee maitsestamiseks. Koostisosad: 100% kaneel Toitumisalane teave 100g kohta:&nbsp; Energia 1033kJ \/ 247kcal [&hellip;]<\/p>\n","protected":false},"featured_media":1124,"template":"","meta":[],"product_brand":[],"product_cat":[338],"product_tag":[],"class_list":{"0":"post-1095","1":"product","2":"type-product","3":"status-publish","4":"has-post-thumbnail","6":"product_cat-puhtad-maitsed","8":"first","9":"instock","10":"taxable","11":"shipping-taxable","12":"purchasable","13":"product-type-simple"},"_links":{"self":[{"href":"https:\/\/pipraveski.ee\/en\/wp-json\/wp\/v2\/product\/1095","targetHints":{"allow":["GET"]}}],"collection":[{"href":"https:\/\/pipraveski.ee\/en\/wp-json\/wp\/v2\/product"}],"about":[{"href":"https:\/\/pipraveski.ee\/en\/wp-json\/wp\/v2\/types\/product"}],"wp:featuredmedia":[{"embeddable":true,"href":"https:\/\/pipraveski.ee\/en\/wp-json\/wp\/v2\/media\/1124"}],"wp:attachment":[{"href":"https:\/\/pipraveski.ee\/en\/wp-json\/wp\/v2\/media?parent=1095"}],"wp:term":[{"taxonomy":"product_brand","embeddable":true,"href":"https:\/\/pipraveski.ee\/en\/wp-json\/wp\/v2\/product_brand?post=1095"},{"taxonomy":"product_cat","embeddable":true,"href":"https:\/\/pipraveski.ee\/en\/wp-json\/wp\/v2\/product_cat?post=1095"},{"taxonomy":"product_tag","embeddable":true,"href":"https:\/\/pipraveski.ee\/en\/wp-json\/wp\/v2\/product_tag?post=1095"}],"curies":[{"name":"wp","href":"https:\/\/api.w.org\/{rel}","templated":true}]}}