{"id":1092,"date":"2025-10-22T19:04:55","date_gmt":"2025-10-22T16:04:55","guid":{"rendered":"https:\/\/pipraveski.ee\/?post_type=product&#038;p=1092"},"modified":"2026-04-17T11:32:31","modified_gmt":"2026-04-17T08:32:31","slug":"tsillipulber-ekstra-terav-heera-500g","status":"publish","type":"product","link":"https:\/\/pipraveski.ee\/en\/product\/tsillipulber-ekstra-terav-heera-500g\/","title":{"rendered":"T\u0161illipulber, ekstra terav, Heera, 500g"},"content":{"rendered":"<p>Jahvatatud t\u0161illikaunad toitude v\u00fcrtsitamiseks.&nbsp;<br \/>\nJahvatatud t\u0161illi on suurep\u00e4rane t\u00e4iendus marinaadidele, riivsaiale, kastmetele, hautistele, suppidele, salsadele ning r\u00f6stitud, praetud ja grillitud lihale. See sobib ideaalselt Mehhiko ja Ibeeria k\u00f6\u00f6gi jaoks. Seda saab edukalt lisada Tex, Ungari ja Balkani roogadele. Idamaiste roogade puhul on v\u00f5imatu seda v\u00fcrtsi mitte kasutada.<br \/>\nEkstra tuline!<\/p>\n<p>S\u00e4ilitada \u00f5hukindlas anumas, kuivas, pimedas ja jahedas.<br \/>\nEnne s\u00f6\u00f6mist kuumt\u00f6\u00f6delda.<\/p>\n<p>Pakendatud tehases mis k\u00e4sitleb p\u00e4hkleid, seesamit, gluteeni, nisu, soja ja sinepit.<\/p>","protected":false},"excerpt":{"rendered":"<p>Eriti terav t\u0161illipulber<\/p>","protected":false},"featured_media":4527,"template":"","meta":[],"product_brand":[],"product_cat":[338],"product_tag":[],"class_list":{"0":"post-1092","1":"product","2":"type-product","3":"status-publish","4":"has-post-thumbnail","6":"product_cat-puhtad-maitsed","8":"first","9":"outofstock","10":"taxable","11":"shipping-taxable","12":"purchasable","13":"product-type-simple"},"_links":{"self":[{"href":"https:\/\/pipraveski.ee\/en\/wp-json\/wp\/v2\/product\/1092","targetHints":{"allow":["GET"]}}],"collection":[{"href":"https:\/\/pipraveski.ee\/en\/wp-json\/wp\/v2\/product"}],"about":[{"href":"https:\/\/pipraveski.ee\/en\/wp-json\/wp\/v2\/types\/product"}],"wp:featuredmedia":[{"embeddable":true,"href":"https:\/\/pipraveski.ee\/en\/wp-json\/wp\/v2\/media\/4527"}],"wp:attachment":[{"href":"https:\/\/pipraveski.ee\/en\/wp-json\/wp\/v2\/media?parent=1092"}],"wp:term":[{"taxonomy":"product_brand","embeddable":true,"href":"https:\/\/pipraveski.ee\/en\/wp-json\/wp\/v2\/product_brand?post=1092"},{"taxonomy":"product_cat","embeddable":true,"href":"https:\/\/pipraveski.ee\/en\/wp-json\/wp\/v2\/product_cat?post=1092"},{"taxonomy":"product_tag","embeddable":true,"href":"https:\/\/pipraveski.ee\/en\/wp-json\/wp\/v2\/product_tag?post=1092"}],"curies":[{"name":"wp","href":"https:\/\/api.w.org\/{rel}","templated":true}]}}