{"id":1091,"date":"2025-10-22T19:04:55","date_gmt":"2025-10-22T16:04:55","guid":{"rendered":"https:\/\/pipraveski.ee\/?post_type=product&#038;p=1091"},"modified":"2026-04-17T11:33:00","modified_gmt":"2026-04-17T08:33:00","slug":"soolaveski-akruul-12-5-cm-crystal-cole-and-mason","status":"publish","type":"product","link":"https:\/\/pipraveski.ee\/en\/product\/soolaveski-akruul-12-5-cm-crystal-cole-and-mason\/","title":{"rendered":"Salt mill, acrylic, 12.5 cm, CRYSTAL, Cole and Mason"},"content":{"rendered":"<p><span style=\"font-family: Roboto, sans-serif;font-size: 18px\">Cole &amp; Mason seasoned cookware is a great performer, from the way it feels in your hand to the way it looks in the kitchen or on the table.<\/span><br style=\"font-family: Roboto, sans-serif;font-size: 18px\" \/><br \/>\n<span style=\"font-family: Roboto, sans-serif;font-size: 18px\">Stylish acrylic design. Transparent body for easy viewing of filling levels - Ideal for kitchen or table - Precise grinding mechanism - Filled.<\/span><\/p>","protected":false},"excerpt":{"rendered":"<p>Cole &amp; Masoni maitseainetega k\u00f6\u00f6gin\u00f5ud on suurep\u00e4rase j\u00f5udlusega, alates sellest, kuidas see k\u00e4es tundub, l\u00f5petades sellega, kuidas see k\u00f6\u00f6gis v\u00f5i laual v\u00e4lja n\u00e4eb. Stiilne akr\u00fc\u00fcldisain. L\u00e4bipaistev korpus, mis v\u00f5imaldab h\u00f5lpsalt n\u00e4ha t\u00e4itetasemeid \u00b7 Ideaalne k\u00f6\u00f6ki v\u00f5i lauale \u00b7 T\u00e4pne jahvatusmehhanism \u00b7 T\u00e4idetud.<\/p>","protected":false},"featured_media":1121,"template":"","meta":[],"product_brand":[],"product_cat":[330],"product_tag":[],"class_list":{"0":"post-1091","1":"product","2":"type-product","3":"status-publish","4":"has-post-thumbnail","6":"product_cat-koogitarvikud","8":"first","9":"instock","10":"taxable","11":"shipping-taxable","12":"purchasable","13":"product-type-simple"},"_links":{"self":[{"href":"https:\/\/pipraveski.ee\/en\/wp-json\/wp\/v2\/product\/1091","targetHints":{"allow":["GET"]}}],"collection":[{"href":"https:\/\/pipraveski.ee\/en\/wp-json\/wp\/v2\/product"}],"about":[{"href":"https:\/\/pipraveski.ee\/en\/wp-json\/wp\/v2\/types\/product"}],"wp:featuredmedia":[{"embeddable":true,"href":"https:\/\/pipraveski.ee\/en\/wp-json\/wp\/v2\/media\/1121"}],"wp:attachment":[{"href":"https:\/\/pipraveski.ee\/en\/wp-json\/wp\/v2\/media?parent=1091"}],"wp:term":[{"taxonomy":"product_brand","embeddable":true,"href":"https:\/\/pipraveski.ee\/en\/wp-json\/wp\/v2\/product_brand?post=1091"},{"taxonomy":"product_cat","embeddable":true,"href":"https:\/\/pipraveski.ee\/en\/wp-json\/wp\/v2\/product_cat?post=1091"},{"taxonomy":"product_tag","embeddable":true,"href":"https:\/\/pipraveski.ee\/en\/wp-json\/wp\/v2\/product_tag?post=1091"}],"curies":[{"name":"wp","href":"https:\/\/api.w.org\/{rel}","templated":true}]}}