{"id":1090,"date":"2025-10-22T19:04:55","date_gmt":"2025-10-22T16:04:55","guid":{"rendered":"https:\/\/pipraveski.ee\/?post_type=product&#038;p=1090"},"modified":"2026-04-17T11:32:25","modified_gmt":"2026-04-17T08:32:25","slug":"kinoa-kolmevarviline-1kg","status":"publish","type":"product","link":"https:\/\/pipraveski.ee\/en\/product\/kinoa-kolmevarviline-1kg\/","title":{"rendered":"Kinoa, tricolour, 1kg"},"content":{"rendered":"<p>Quinoa is a small, nutritious and crunchy seed that has found its way into European diets and has quickly become quite a popular food.<br \/>\nKinoa e. T\u0161iili hanemalts sobib erinevatesse salatitesse, suppidesse ja maitsvaks lisandiks roogadele.&nbsp;<\/p>\n<p><strong>Ingredients:<\/strong> kinoa e. T\u0161iili hanemaltsa seemnete segu (punane 15% , valge 70% ja must 15%) .<\/p>\n<p><strong>Preparation: <\/strong>Loputa kinoa rohke vee all. N\u00f5ruta. T\u00f5sta potti 1 osa kinoat ja 2 osa vett. Kuumuta keemiseni ja alanda kuumust. Hauta kaane all 10-15 min v\u00f5i kuni vesi on sisse imandunud.<\/p>\n<p><strong>Nutrition information per 100g:<\/strong><br \/>\nEnergiasisaldus 84kcal<br \/>\nRasvad 4g<br \/>\nof which saturated fatty acids 0,2g<br \/>\nS\u00fcsivesikud 59,1g<br \/>\nmillest suhkrud alla 5,31g<br \/>\nProtein 14,1g<br \/>\nSalt 0g<\/p>\n<p><strong style=\"font-size: 13px\">Country of origin:&nbsp;<\/strong><span style=\"font-size: 13px\">Bolivia<\/span><\/p>\n<p><strong>Storage:<\/strong> keep dry and cool.<\/p>\n<p>&nbsp;<\/p>","protected":false},"excerpt":{"rendered":"<p>Segu mustast, valgest ja punasest kinoast. <\/p>","protected":false},"featured_media":1120,"template":"","meta":[],"product_brand":[],"product_cat":[319],"product_tag":[],"class_list":{"0":"post-1090","1":"product","2":"type-product","3":"status-publish","4":"has-post-thumbnail","6":"product_cat-laatsed-oad-terad","8":"first","9":"outofstock","10":"taxable","11":"shipping-taxable","12":"purchasable","13":"product-type-simple"},"_links":{"self":[{"href":"https:\/\/pipraveski.ee\/en\/wp-json\/wp\/v2\/product\/1090","targetHints":{"allow":["GET"]}}],"collection":[{"href":"https:\/\/pipraveski.ee\/en\/wp-json\/wp\/v2\/product"}],"about":[{"href":"https:\/\/pipraveski.ee\/en\/wp-json\/wp\/v2\/types\/product"}],"wp:featuredmedia":[{"embeddable":true,"href":"https:\/\/pipraveski.ee\/en\/wp-json\/wp\/v2\/media\/1120"}],"wp:attachment":[{"href":"https:\/\/pipraveski.ee\/en\/wp-json\/wp\/v2\/media?parent=1090"}],"wp:term":[{"taxonomy":"product_brand","embeddable":true,"href":"https:\/\/pipraveski.ee\/en\/wp-json\/wp\/v2\/product_brand?post=1090"},{"taxonomy":"product_cat","embeddable":true,"href":"https:\/\/pipraveski.ee\/en\/wp-json\/wp\/v2\/product_cat?post=1090"},{"taxonomy":"product_tag","embeddable":true,"href":"https:\/\/pipraveski.ee\/en\/wp-json\/wp\/v2\/product_tag?post=1090"}],"curies":[{"name":"wp","href":"https:\/\/api.w.org\/{rel}","templated":true}]}}