{"id":1087,"date":"2025-10-22T19:04:55","date_gmt":"2025-10-22T16:04:55","guid":{"rendered":"https:\/\/pipraveski.ee\/?post_type=product&#038;p=1087"},"modified":"2026-04-17T11:31:46","modified_gmt":"2026-04-17T08:31:46","slug":"tsillikaunad-sichuan-25g","status":"publish","type":"product","link":"https:\/\/pipraveski.ee\/en\/product\/tsillikaunad-sichuan-25g\/","title":{"rendered":"T\u0161illikaunad, Sichuan, 25g"},"content":{"rendered":"<p>Sichuan on Hiina k\u00f6\u00f6gi klassikaline t\u0161illi. Seda kasutatakse peamiselt tervelt kuivatatuna L\u00e4\u00e4ne-Hiina Sichuani k\u00f6\u00f6gis. Sichuani k\u00f6\u00f6k on ainus k\u00f6\u00f6k, mis \u00fchendab k\u00f5ik piprataolised v\u00fcrtsid (t\u0161illi, valge pipar ja kohalik Szechuani pipar) \u00fche roa sees.<\/p>\n<p>Sichuanid on \u00f5hukese koore ja tsitruseliste nootidega keskmiselt terav aromaatne t\u0161illipipar. Seet\u00f5ttu on see suurep\u00e4rane koostisosa paljudele kana v\u00f5i kala roogadele, aga ka Aasia k\u00f6\u00f6gile \u00fcldiselt.<\/p>\n<p><strong>Hoiustamine<\/strong><br \/>\nHoida pimedas, jahedas, kuivas ja \u00f5hukindlas kohas.<\/p>\n<p><strong>Kuidas kasutada<\/strong><br \/>\nLoputage kuivatatud Chipotle t\u0161illit k\u00f5igepealt sooja veega, leotage kuumas vees 10 minutit. V\u00f5i lisage otse toidule, kus see k\u00fcpseb v\u00e4hemalt 10 minutit.<\/p>","protected":false},"excerpt":{"rendered":"<p>Sichuanid on \u00f5hukese koore ja tsitruseliste nootidega keskmiselt terav aromaatne t\u0161illipipar. Seet\u00f5ttu on see suurep\u00e4rane koostisosa paljudele kana v\u00f5i kala roogadele, aga ka Aasia k\u00f6\u00f6gile \u00fcldiselt.<\/p>","protected":false},"featured_media":1117,"template":"","meta":[],"product_brand":[],"product_cat":[338],"product_tag":[],"class_list":{"0":"post-1087","1":"product","2":"type-product","3":"status-publish","4":"has-post-thumbnail","6":"product_cat-puhtad-maitsed","8":"first","9":"outofstock","10":"taxable","11":"shipping-taxable","12":"purchasable","13":"product-type-simple"},"_links":{"self":[{"href":"https:\/\/pipraveski.ee\/en\/wp-json\/wp\/v2\/product\/1087","targetHints":{"allow":["GET"]}}],"collection":[{"href":"https:\/\/pipraveski.ee\/en\/wp-json\/wp\/v2\/product"}],"about":[{"href":"https:\/\/pipraveski.ee\/en\/wp-json\/wp\/v2\/types\/product"}],"wp:featuredmedia":[{"embeddable":true,"href":"https:\/\/pipraveski.ee\/en\/wp-json\/wp\/v2\/media\/1117"}],"wp:attachment":[{"href":"https:\/\/pipraveski.ee\/en\/wp-json\/wp\/v2\/media?parent=1087"}],"wp:term":[{"taxonomy":"product_brand","embeddable":true,"href":"https:\/\/pipraveski.ee\/en\/wp-json\/wp\/v2\/product_brand?post=1087"},{"taxonomy":"product_cat","embeddable":true,"href":"https:\/\/pipraveski.ee\/en\/wp-json\/wp\/v2\/product_cat?post=1087"},{"taxonomy":"product_tag","embeddable":true,"href":"https:\/\/pipraveski.ee\/en\/wp-json\/wp\/v2\/product_tag?post=1087"}],"curies":[{"name":"wp","href":"https:\/\/api.w.org\/{rel}","templated":true}]}}