{"id":1055,"date":"2025-10-22T19:04:38","date_gmt":"2025-10-22T16:04:38","guid":{"rendered":"https:\/\/pipraveski.ee\/?post_type=product&#038;p=1055"},"modified":"2026-04-17T11:32:50","modified_gmt":"2026-04-17T08:32:50","slug":"agar-sosa-500g","status":"publish","type":"product","link":"https:\/\/pipraveski.ee\/en\/product\/agar-sosa-500g\/","title":{"rendered":"Agar, SOSA, 500g"},"content":{"rendered":"<p>Agar agar on looduslik paksendaja, mis v\u00f5ib paljudes retseptides asendada loomset \u017eelatiini.<br \/>\n100% loodusliku p\u00e4ritoluga koostisosad, \u017eelatiinist 8-10 korda tugevam tarretus.<br \/>\nNeutraalne maitse, mis v\u00f5imaldab teistel maitsetel esile tulla.<\/p>\n<p>Ideaalne kasutamiseks tarretises, terriinis, vahus, panna cottas, koores, bavaroise&#8217;is, entremet&#8217;is ja mujal!<br \/>\nV\u00f5ib kasutada mis tahes vedelas v\u00f5i poolvedelas t\u00f6\u00f6tluses, mis p\u00f5hinevad veel v\u00f5i puuviljamahladel (aga mida happelisem vili, seda v\u00e4hem tarretub).<br \/>\nDoseerimine: 2-6g\/kg \u2013 olenevalt soovitud k\u00f5vadusastmest (15g\/kg max annus).<br \/>\nKasutusjuhend: Lisage oma vedelale preparaadile, segage t\u00fckkide v\u00e4ltimiseks. Kuumutage temperatuurini 90 \u00b0C ja kasutage kohe.<br \/>\nSaab soojendada nii mitu korda kui vaja, tarretumistemperatuur on 60\u00baC.<br \/>\nN\u00e4pun\u00e4ide: agar on 8 korda v\u00f5imsam kui \u017eelatiin!<br \/>\nSuurus: 500g.<\/p>\n<p>Sobib taimetoitlastele, veganitele ja ts\u00f6liaakiahaigetele. Kosher sertifitseeritud.<\/p>\n<p>Koostis: tarretusaine: agar-agar (E406), dekstroos.<\/p>","protected":false},"excerpt":{"rendered":"<p>Taimne tarrendaja.<\/p>","protected":false},"featured_media":1086,"template":"","meta":[],"product_brand":[],"product_cat":[311],"product_tag":[],"class_list":{"0":"post-1055","1":"product","2":"type-product","3":"status-publish","4":"has-post-thumbnail","6":"product_cat-tekstuuriparandajad","8":"first","9":"outofstock","10":"taxable","11":"shipping-taxable","12":"purchasable","13":"product-type-simple"},"_links":{"self":[{"href":"https:\/\/pipraveski.ee\/en\/wp-json\/wp\/v2\/product\/1055","targetHints":{"allow":["GET"]}}],"collection":[{"href":"https:\/\/pipraveski.ee\/en\/wp-json\/wp\/v2\/product"}],"about":[{"href":"https:\/\/pipraveski.ee\/en\/wp-json\/wp\/v2\/types\/product"}],"wp:featuredmedia":[{"embeddable":true,"href":"https:\/\/pipraveski.ee\/en\/wp-json\/wp\/v2\/media\/1086"}],"wp:attachment":[{"href":"https:\/\/pipraveski.ee\/en\/wp-json\/wp\/v2\/media?parent=1055"}],"wp:term":[{"taxonomy":"product_brand","embeddable":true,"href":"https:\/\/pipraveski.ee\/en\/wp-json\/wp\/v2\/product_brand?post=1055"},{"taxonomy":"product_cat","embeddable":true,"href":"https:\/\/pipraveski.ee\/en\/wp-json\/wp\/v2\/product_cat?post=1055"},{"taxonomy":"product_tag","embeddable":true,"href":"https:\/\/pipraveski.ee\/en\/wp-json\/wp\/v2\/product_tag?post=1055"}],"curies":[{"name":"wp","href":"https:\/\/api.w.org\/{rel}","templated":true}]}}