{"id":1053,"date":"2025-10-22T19:04:38","date_gmt":"2025-10-22T16:04:38","guid":{"rendered":"https:\/\/pipraveski.ee\/?post_type=product&#038;p=1053"},"modified":"2026-04-17T11:32:37","modified_gmt":"2026-04-17T08:32:37","slug":"bhut-jolokia-tsillihelbed-50g","status":"publish","type":"product","link":"https:\/\/pipraveski.ee\/en\/product\/bhut-jolokia-tsillihelbed-50g\/","title":{"rendered":"Bhut Jolokia chilli flakes, 50g"},"content":{"rendered":"<p>Bhut Jolokia Red on \u00fcks kuumimaid t\u0161illisid maailmas \u2013 see oli esimene, mis \u00fcletas 1 miljoni Scoville&#8217;i piiri ja hoidis aastatel 2007\u20132011 maailmarekordit. See p\u00e4rineb Indiast Assami piirkonnast ja on seal kasvatatud ja kasutatud juba aastaid. Nimetused bih jolokia, bhut jolokia, kummitust\u0161illi v\u00f5i naga jolokia viitavad k\u00f5ik samale t\u0161illi sordile.<\/p>\n<p>T\u0161illihelvestel on h\u00f5rk puuviljane maitse, m\u00f5nikord kerge tsitruse noodiga ja need maitsevad suurep\u00e4raselt iga t\u0161illis\u00f5bra lemmikroaga.<br \/>\nSobivad eriti h\u00e4sti India k\u00f6\u00f6giga, kuid sobivad ka Mehhiko ja Aafrika roogadega.<br \/>\nKulinaaria: Bhut Jolokia t\u0161illil on puuviljane maitse, m\u00f5nikord kerge tsitruse noodiga ja intensiivne tuline v\u00fcrtsikus. Need sobivad toiduvalmistamiseks, kastmete valmistamiseks ning \u00f5lis v\u00f5i \u00e4\u00e4dikas marineerimiseks. \u00d5hukeste viljaseinte t\u00f5ttu sobivad need h\u00e4sti ka kuivatamiseks ja t\u0161illipulbri valmistamiseks.<\/p>\n<p><strong>Ingredients:<\/strong> Bih jolokia t\u0161illihelbed<\/p>\n<p><strong>Caution:<\/strong> v\u00e4ga kuum!<\/p>\n<p><strong>Meie parim n\u00e4pun\u00e4ide:<\/strong> Bhut jolokia t\u0161illi maitse on v\u00e4ga puuviljane, mis sarnaneb habanero t\u0161illi maitsega. Bhut jolokia t\u0161illi fantastiline maitse sobib seet\u00f5ttu v\u00e4ga h\u00e4sti igat t\u00fc\u00fcpi v\u00e4ga peene maitsega toitudega, nagu kala, valge liha ja magusad toidud.<\/p>\n<p>\n<strong>Storage:<\/strong> Hoida jahedas, kuivas, pimedas ja \u00f5hukindlas kohas.<\/p>","protected":false},"excerpt":{"rendered":"<p>Bhut jolokia t\u0161illi maitse on v\u00e4ga puuviljane, mis sarnaneb habanero t\u0161illi maitsega. Bhut jolokia t\u0161illi fantastiline maitse sobib seet\u00f5ttu v\u00e4ga h\u00e4sti igat t\u00fc\u00fcpi v\u00e4ga peene maitsega toitudega, nagu kala, valge liha ja magusad toidud.<\/p>","protected":false},"featured_media":1084,"template":"","meta":[],"product_brand":[238],"product_cat":[338],"product_tag":[],"class_list":{"0":"post-1053","1":"product","2":"type-product","3":"status-publish","4":"has-post-thumbnail","6":"product_brand-chili-food","7":"product_cat-puhtad-maitsed","9":"first","10":"instock","11":"taxable","12":"shipping-taxable","13":"purchasable","14":"product-type-simple"},"_links":{"self":[{"href":"https:\/\/pipraveski.ee\/en\/wp-json\/wp\/v2\/product\/1053","targetHints":{"allow":["GET"]}}],"collection":[{"href":"https:\/\/pipraveski.ee\/en\/wp-json\/wp\/v2\/product"}],"about":[{"href":"https:\/\/pipraveski.ee\/en\/wp-json\/wp\/v2\/types\/product"}],"wp:featuredmedia":[{"embeddable":true,"href":"https:\/\/pipraveski.ee\/en\/wp-json\/wp\/v2\/media\/1084"}],"wp:attachment":[{"href":"https:\/\/pipraveski.ee\/en\/wp-json\/wp\/v2\/media?parent=1053"}],"wp:term":[{"taxonomy":"product_brand","embeddable":true,"href":"https:\/\/pipraveski.ee\/en\/wp-json\/wp\/v2\/product_brand?post=1053"},{"taxonomy":"product_cat","embeddable":true,"href":"https:\/\/pipraveski.ee\/en\/wp-json\/wp\/v2\/product_cat?post=1053"},{"taxonomy":"product_tag","embeddable":true,"href":"https:\/\/pipraveski.ee\/en\/wp-json\/wp\/v2\/product_tag?post=1053"}],"curies":[{"name":"wp","href":"https:\/\/api.w.org\/{rel}","templated":true}]}}