{"id":1048,"date":"2025-10-22T19:04:38","date_gmt":"2025-10-22T16:04:38","guid":{"rendered":"https:\/\/pipraveski.ee\/?post_type=product&#038;p=1048"},"modified":"2026-04-17T11:33:07","modified_gmt":"2026-04-17T08:33:07","slug":"instant-shahi-rajma-280g","status":"publish","type":"product","link":"https:\/\/pipraveski.ee\/en\/product\/instant-shahi-rajma-280g\/","title":{"rendered":"Instant Shahi Rajma, 280g"},"content":{"rendered":"<p>Koostisosad:&nbsp;Vesi, oad, sibul, p\u00e4evalille\u00f5li, tomatipasta, ingveripasta, k\u00fc\u00fcslaugupasta, sool, v\u00fcrtsid, t\u0161illipulber, k\u00f6\u00f6mned<\/p>\n<p>Kiire roog vahepalaks, t\u00f6\u00f6l l\u00f5unapausiks v\u00f5i siis, kui ei viitsi s\u00fc\u00fca teha.<br \/>\nValmistamine: asetage koti sisu kaussi ning kuumutage mikrolaineahjus 2 minutit<br \/>\n<span style=\"font-size: 13px\">Serveeri basmati riisi, naani v\u00f5i chapatiga.<\/span><\/p>\n<p><span style=\"font-size: 13px\">Nutrition information per 100g:<\/span><br style=\"font-size: 13px\" \/><br \/>\n<span style=\"font-size: 13px\">Energiasisaldus 696 kJ \/ 142 kcal<\/span><br style=\"font-size: 13px\" \/><br \/>\n<span style=\"font-size: 13px\">Fats 6,2g<\/span><br style=\"font-size: 13px\" \/><br \/>\n<span style=\"font-size: 13px\">of which saturated fatty acids 0,6g<\/span><br style=\"font-size: 13px\" \/><br \/>\n<span style=\"font-size: 13px\">S\u00fcsivesikud 17 g<\/span><br style=\"font-size: 13px\" \/><br \/>\n<span style=\"font-size: 13px\">millest suhkrud 0,5 g<\/span><br style=\"font-size: 13px\" \/><br \/>\n<span style=\"font-size: 13px\">Valgud 5,5 g<\/span><br style=\"font-size: 13px\" \/><br \/>\n<span style=\"font-size: 13px\">Sool 1,2 g<\/span><\/p>\n<p>Country of origin: India<\/p>","protected":false},"excerpt":{"rendered":"<p>Shahi Rajma on v\u00fcrtsikas India karri ubadega kreemjas tomatikastmes.<br \/>\nEhtne India maitse valmib vaid m\u00f5ne minutiga!<\/p>","protected":false},"featured_media":1079,"template":"","meta":[],"product_brand":[],"product_cat":[312],"product_tag":[],"class_list":{"0":"post-1048","1":"product","2":"type-product","3":"status-publish","4":"has-post-thumbnail","6":"product_cat-toiduks","8":"first","9":"outofstock","10":"taxable","11":"shipping-taxable","12":"purchasable","13":"product-type-simple"},"_links":{"self":[{"href":"https:\/\/pipraveski.ee\/en\/wp-json\/wp\/v2\/product\/1048","targetHints":{"allow":["GET"]}}],"collection":[{"href":"https:\/\/pipraveski.ee\/en\/wp-json\/wp\/v2\/product"}],"about":[{"href":"https:\/\/pipraveski.ee\/en\/wp-json\/wp\/v2\/types\/product"}],"wp:featuredmedia":[{"embeddable":true,"href":"https:\/\/pipraveski.ee\/en\/wp-json\/wp\/v2\/media\/1079"}],"wp:attachment":[{"href":"https:\/\/pipraveski.ee\/en\/wp-json\/wp\/v2\/media?parent=1048"}],"wp:term":[{"taxonomy":"product_brand","embeddable":true,"href":"https:\/\/pipraveski.ee\/en\/wp-json\/wp\/v2\/product_brand?post=1048"},{"taxonomy":"product_cat","embeddable":true,"href":"https:\/\/pipraveski.ee\/en\/wp-json\/wp\/v2\/product_cat?post=1048"},{"taxonomy":"product_tag","embeddable":true,"href":"https:\/\/pipraveski.ee\/en\/wp-json\/wp\/v2\/product_tag?post=1048"}],"curies":[{"name":"wp","href":"https:\/\/api.w.org\/{rel}","templated":true}]}}