{"id":1046,"date":"2025-10-22T19:04:37","date_gmt":"2025-10-22T16:04:37","guid":{"rendered":"https:\/\/pipraveski.ee\/?post_type=product&#038;p=1046"},"modified":"2026-04-17T11:31:40","modified_gmt":"2026-04-17T08:31:40","slug":"ssamjang-mahe-sojaoa-pasta-170g","status":"publish","type":"product","link":"https:\/\/pipraveski.ee\/en\/product\/ssamjang-mahe-sojaoa-pasta-170g\/","title":{"rendered":"Ssamjang mild soybean pasta, 170g"},"content":{"rendered":"<p>Ssamjangi sojapasta on traditsiooniline Korea oapasta, millele on lisatud k\u00fc\u00fcslauku ja t\u0161illipulbrit. Seda pastat kasutate peamiselt Korea BBQ-s liha l\u00f5hna- ja maitseainena v\u00f5i liha v\u00f5i k\u00f6\u00f6giviljade dipina.<\/p>\n<p>Koostisosad: SOJAoa pasta 56% (vesi, NISUjahu, SOJAoad, sool), maisisiirup, vesi, alkohol, maitseained (vesi, punase pipra pulber, sool, k\u00fc\u00fcslauk, sibul), suhkur, r\u00f6stitud SOJAoa pulber, sool, maitsetugevdajad: E621, E620, r\u00f6stitud MAAP\u00c4HKLI pulber, maisijahu,&nbsp; k\u00fc\u00fcslauk, maltodekstriin, sibul, tapiokit\u00e4rklis, punase pipra pulber, paakumisvastane aine: E341, lik\u00f6\u00f6ri ekstrakt, L-l\u00fcsiin, maitsetugevdaja: E620. Kasutamiseks BBQ liha v\u00f5i k\u00f6\u00f6givilja kastmena.<br \/>\nP\u00e4rast avamist hoida jahedas.<\/p>\n<p>\nNutrition information per 100ml:<br \/>\nEnergiasisaldus 869kj\/208kcal<br \/>\nRasvad 3,2g<br \/>\nof which saturated fatty acids 0,5g<br \/>\nS\u00fcsivesikud 38g<br \/>\nmillest suhkrud 24g<br \/>\nValgud 9,1g<br \/>\nSool 5,05g<\/p>","protected":false},"excerpt":{"rendered":"<p>Ssamjangi sojapasta on traditsiooniline Korea oapasta, millele on lisatud k\u00fc\u00fcslauku ja t\u0161illipulbrit. Seda pastat kasutate peamiselt Korea BBQ-s liha l\u00f5hna- ja maitseainena v\u00f5i liha v\u00f5i k\u00f6\u00f6giviljade dipina. Koostisosad: SOJAoa pasta 56% (vesi, NISUjahu, SOJAoad, sool), maisisiirup, vesi, alkohol, maitseained (vesi, punase pipra pulber, sool, k\u00fc\u00fcslauk, sibul), suhkur, r\u00f6stitud SOJAoa pulber, sool, maitsetugevdajad: E621, E620, r\u00f6stitud [&hellip;]<\/p>\n","protected":false},"featured_media":1077,"template":"","meta":[],"product_brand":[290],"product_cat":[317],"product_tag":[],"class_list":{"0":"post-1046","1":"product","2":"type-product","3":"status-publish","4":"has-post-thumbnail","6":"product_brand-ofood","7":"product_cat-kastmed-sinepid-tsatnid","9":"first","10":"instock","11":"taxable","12":"shipping-taxable","13":"purchasable","14":"product-type-simple"},"_links":{"self":[{"href":"https:\/\/pipraveski.ee\/en\/wp-json\/wp\/v2\/product\/1046","targetHints":{"allow":["GET"]}}],"collection":[{"href":"https:\/\/pipraveski.ee\/en\/wp-json\/wp\/v2\/product"}],"about":[{"href":"https:\/\/pipraveski.ee\/en\/wp-json\/wp\/v2\/types\/product"}],"wp:featuredmedia":[{"embeddable":true,"href":"https:\/\/pipraveski.ee\/en\/wp-json\/wp\/v2\/media\/1077"}],"wp:attachment":[{"href":"https:\/\/pipraveski.ee\/en\/wp-json\/wp\/v2\/media?parent=1046"}],"wp:term":[{"taxonomy":"product_brand","embeddable":true,"href":"https:\/\/pipraveski.ee\/en\/wp-json\/wp\/v2\/product_brand?post=1046"},{"taxonomy":"product_cat","embeddable":true,"href":"https:\/\/pipraveski.ee\/en\/wp-json\/wp\/v2\/product_cat?post=1046"},{"taxonomy":"product_tag","embeddable":true,"href":"https:\/\/pipraveski.ee\/en\/wp-json\/wp\/v2\/product_tag?post=1046"}],"curies":[{"name":"wp","href":"https:\/\/api.w.org\/{rel}","templated":true}]}}