{"id":1044,"date":"2025-10-22T19:04:37","date_gmt":"2025-10-22T16:04:37","guid":{"rendered":"https:\/\/pipraveski.ee\/?post_type=product&#038;p=1044"},"modified":"2026-04-17T11:32:25","modified_gmt":"2026-04-17T08:32:25","slug":"habanero-terav-tsillikaste-100ml-lopumuuk","status":"publish","type":"product","link":"https:\/\/pipraveski.ee\/en\/product\/habanero-terav-tsillikaste-100ml-lopumuuk\/","title":{"rendered":"Habanero hot chilli sauce, 100ml- final sale"},"content":{"rendered":"<p>Habanero on t\u0161illide kuningas &#8211; suurep\u00e4raste maitseomadustega ja V\u00c4GA TERAV!<\/p>\n<p>Hot Orange Habanero &#8211; puuviljane maitse v\u00f5imsa kuumusega. See sobib ideaalselt v\u00fcrtsikatele roogadele kuumuse ja maitse lisamiseks ning m\u00f5ni tilk aitab lauamaitseainena kasutada. See on valmistatud v\u00e4rskest apelsinist Habanero t\u0161illist.<\/p>\n<p>Koostisosad: V\u00e4rsked habanero t\u0161illid (60%), \u00f5una\u00e4\u00e4dikas, sidrunimahl, sool.<br \/>\nKuumusaste: 8\/10&nbsp; &nbsp;150 000\u2013200 000 Scoville&#8217;i.<\/p>\n<p>Nutrition information per 100ml:<br \/>\nEnergiasisaldus 94kJ\/23kcal<br \/>\nRasvad 0,2 g<br \/>\nof which saturated fatty acids 0g<br \/>\nS\u00fcsivesikud 3,2g<br \/>\nmillest suhkrud 3,2g<br \/>\nValgud 1,4g<br \/>\nSalt 1,1g<\/p>\n<p>Country of origin: United Kingdom<\/p>\n<p>&nbsp;<\/p>","protected":false},"excerpt":{"rendered":"<p>Terav ja puuviljane kaste, valmistatud 60% habanerodest.<\/p>","protected":false},"featured_media":1075,"template":"","meta":[],"product_brand":[237],"product_cat":[317],"product_tag":[],"class_list":{"0":"post-1044","1":"product","2":"type-product","3":"status-publish","4":"has-post-thumbnail","6":"product_brand-south-devon-chilli-farm","7":"product_cat-kastmed-sinepid-tsatnid","9":"first","10":"outofstock","11":"taxable","12":"shipping-taxable","13":"purchasable","14":"product-type-simple"},"_links":{"self":[{"href":"https:\/\/pipraveski.ee\/en\/wp-json\/wp\/v2\/product\/1044","targetHints":{"allow":["GET"]}}],"collection":[{"href":"https:\/\/pipraveski.ee\/en\/wp-json\/wp\/v2\/product"}],"about":[{"href":"https:\/\/pipraveski.ee\/en\/wp-json\/wp\/v2\/types\/product"}],"wp:featuredmedia":[{"embeddable":true,"href":"https:\/\/pipraveski.ee\/en\/wp-json\/wp\/v2\/media\/1075"}],"wp:attachment":[{"href":"https:\/\/pipraveski.ee\/en\/wp-json\/wp\/v2\/media?parent=1044"}],"wp:term":[{"taxonomy":"product_brand","embeddable":true,"href":"https:\/\/pipraveski.ee\/en\/wp-json\/wp\/v2\/product_brand?post=1044"},{"taxonomy":"product_cat","embeddable":true,"href":"https:\/\/pipraveski.ee\/en\/wp-json\/wp\/v2\/product_cat?post=1044"},{"taxonomy":"product_tag","embeddable":true,"href":"https:\/\/pipraveski.ee\/en\/wp-json\/wp\/v2\/product_tag?post=1044"}],"curies":[{"name":"wp","href":"https:\/\/api.w.org\/{rel}","templated":true}]}}