{"id":1041,"date":"2025-10-22T19:04:37","date_gmt":"2025-10-22T16:04:37","guid":{"rendered":"https:\/\/pipraveski.ee\/?post_type=product&#038;p=1041"},"modified":"2026-04-17T11:33:00","modified_gmt":"2026-04-17T08:33:00","slug":"sojakaste-golden-mountain-200ml","status":"publish","type":"product","link":"https:\/\/pipraveski.ee\/en\/product\/sojakaste-golden-mountain-200ml\/","title":{"rendered":"Soy sauce, Golden Mountain, 200ml"},"content":{"rendered":"<p>Golden Mountain Seasoning kaste on p\u00e4rit Taist ja lisab Tai toidule h\u00f5rgu maitse.<\/p>\n<p><strong>Ingredients:<\/strong> Sojaoad, mais, sool, vesi, suhkur, nisu, s\u00e4ilitusaine (E211), maitsetugevdajad (E635).<br \/>\nAllergeenide teave: soja, nisu.<\/p>\n<p>Nutrition information per 100g<br \/>\nEnergiasisaldus 339 KJ\/81kcl<br \/>\nFats 0 g<br \/>\nK\u00fcllastunud rasv 0 g<br \/>\nS\u00fcsivesikuid kokku 10 g<br \/>\nSuhkruid 5,2 g<br \/>\nValgud 10 g<br \/>\nNaatrium 15,98 g<\/p>","protected":false},"excerpt":{"rendered":"<p>Golden Mountain Seasoning kaste on p\u00e4rit Taist ja lisab Tai toidule h\u00f5rgu maitse. Koostisosad: Sojaoad, mais, sool, vesi, suhkur, nisu, s\u00e4ilitusaine (E211), maitsetugevdajad (E635). Allergeenide teave: soja, nisu. Toitumisalane teave 100g kohta Energiasisaldus 339 KJ\/81kcl Rasvad 0 g K\u00fcllastunud rasv 0 g S\u00fcsivesikuid kokku 10 g Suhkruid 5,2 g Valgud 10 g Naatrium 15,98 g<\/p>","protected":false},"featured_media":1072,"template":"","meta":[],"product_brand":[],"product_cat":[317],"product_tag":[],"class_list":{"0":"post-1041","1":"product","2":"type-product","3":"status-publish","4":"has-post-thumbnail","6":"product_cat-kastmed-sinepid-tsatnid","8":"first","9":"instock","10":"taxable","11":"shipping-taxable","12":"purchasable","13":"product-type-simple"},"_links":{"self":[{"href":"https:\/\/pipraveski.ee\/en\/wp-json\/wp\/v2\/product\/1041","targetHints":{"allow":["GET"]}}],"collection":[{"href":"https:\/\/pipraveski.ee\/en\/wp-json\/wp\/v2\/product"}],"about":[{"href":"https:\/\/pipraveski.ee\/en\/wp-json\/wp\/v2\/types\/product"}],"wp:featuredmedia":[{"embeddable":true,"href":"https:\/\/pipraveski.ee\/en\/wp-json\/wp\/v2\/media\/1072"}],"wp:attachment":[{"href":"https:\/\/pipraveski.ee\/en\/wp-json\/wp\/v2\/media?parent=1041"}],"wp:term":[{"taxonomy":"product_brand","embeddable":true,"href":"https:\/\/pipraveski.ee\/en\/wp-json\/wp\/v2\/product_brand?post=1041"},{"taxonomy":"product_cat","embeddable":true,"href":"https:\/\/pipraveski.ee\/en\/wp-json\/wp\/v2\/product_cat?post=1041"},{"taxonomy":"product_tag","embeddable":true,"href":"https:\/\/pipraveski.ee\/en\/wp-json\/wp\/v2\/product_tag?post=1041"}],"curies":[{"name":"wp","href":"https:\/\/api.w.org\/{rel}","templated":true}]}}