{"id":1040,"date":"2025-10-22T19:04:37","date_gmt":"2025-10-22T16:04:37","guid":{"rendered":"https:\/\/pipraveski.ee\/?post_type=product&#038;p=1040"},"modified":"2026-04-17T11:33:05","modified_gmt":"2026-04-17T08:33:05","slug":"tsilliseemned-big-bang-chocolate-10tk","status":"publish","type":"product","link":"https:\/\/pipraveski.ee\/en\/product\/tsilliseemned-big-bang-chocolate-10tk\/","title":{"rendered":"Chilli Seeds, Big Bang Chocolate, 10pcs"},"content":{"rendered":"<p>Big Bang Chocolate Chilli on India Naga Morich Chilli \u00fcli\u00e4ge variant ja sellel on ka vastav buum. Taimed kasvavad p\u00f5\u00f5saks umbes 70-100 cm k\u00f5rguseks. \u0160okolaadipruunid kaunad on piklikud, kergelt volditud ja kareda pinnaga. Peale selle, et nad on v\u00e4ga tulised, on neil ka veidi puuviljane maitse. T\u0161illid sobivad eriti h\u00e4sti t\u0161illipulbri, kuumade kastmete ja toiduvalmistamise v\u00fcrtsitamiseks.<\/p>\n<p>Hooldus: Idanemistemperatuur on vahemikus 22\u00b0C kuni 28\u00b0C (idanemisperiood: 10-21 p\u00e4eva); seet\u00f5ttu on soovitatav kasutada kasvuhoonet ja k\u00fcttematti. Taimed vajavad v\u00e4rsket, h\u00e4sti v\u00e4etatud, vett l\u00e4bilaskvat mulda ega talu vettimist. Need tuleks istutada p\u00e4ikesepaistelisse, kaitstud kohta, kus on v\u00e4hemalt 6 tundi p\u00e4ikesevalgust \u2013 soovitavalt rohkem. Kuna taimedel on eriti pikk laagerdumisaeg, on soovitatav neid kasvatada potis, et saaksite taime h\u00f5lpsalt sisse tuua, kui temperatuur langeb p\u00e4eval alla 12\u00b0C, v\u00f5imaldades k\u00f5igil viljadel valmida. Taime \u00fcletalve s\u00e4ilitamiseks l\u00f5igake see p\u00e4rast koristamist 20 cm v\u00f5rra tagasi ja asetage valgusk\u00fcllasesse kohta, kus on v\u00e4hemalt 15 \u00b0C.<\/p>","protected":false},"excerpt":{"rendered":"<p>Big Bang Chocolate Chilli on India Naga Morich Chilli \u00fcli\u00e4ge variant ja sellel on ka vastav buum. Taimed kasvavad p\u00f5\u00f5saks ja kasvavad umbes 70-100 cm k\u00f5rguseks. \u0160okolaadipruunid kaunad on piklikud, kergelt volditud ja kareda pinnaga. Peale selle, et nad on v\u00e4ga kuumad, on neil ka veidi puuviljane maitse. T\u0161illid sobivad eriti h\u00e4sti t\u0161illipulbri, kuumade kastmete ja toiduvalmistamise v\u00fcrtsitamiseks.<\/p>","protected":false},"featured_media":1071,"template":"","meta":[],"product_brand":[],"product_cat":[329],"product_tag":[],"class_list":{"0":"post-1040","1":"product","2":"type-product","3":"status-publish","4":"has-post-thumbnail","6":"product_cat-tsillikasvatus","8":"first","9":"instock","10":"taxable","11":"shipping-taxable","12":"purchasable","13":"product-type-simple"},"_links":{"self":[{"href":"https:\/\/pipraveski.ee\/en\/wp-json\/wp\/v2\/product\/1040","targetHints":{"allow":["GET"]}}],"collection":[{"href":"https:\/\/pipraveski.ee\/en\/wp-json\/wp\/v2\/product"}],"about":[{"href":"https:\/\/pipraveski.ee\/en\/wp-json\/wp\/v2\/types\/product"}],"wp:featuredmedia":[{"embeddable":true,"href":"https:\/\/pipraveski.ee\/en\/wp-json\/wp\/v2\/media\/1071"}],"wp:attachment":[{"href":"https:\/\/pipraveski.ee\/en\/wp-json\/wp\/v2\/media?parent=1040"}],"wp:term":[{"taxonomy":"product_brand","embeddable":true,"href":"https:\/\/pipraveski.ee\/en\/wp-json\/wp\/v2\/product_brand?post=1040"},{"taxonomy":"product_cat","embeddable":true,"href":"https:\/\/pipraveski.ee\/en\/wp-json\/wp\/v2\/product_cat?post=1040"},{"taxonomy":"product_tag","embeddable":true,"href":"https:\/\/pipraveski.ee\/en\/wp-json\/wp\/v2\/product_tag?post=1040"}],"curies":[{"name":"wp","href":"https:\/\/api.w.org\/{rel}","templated":true}]}}