{"id":3360,"date":"2025-10-27T14:00:16","date_gmt":"2025-10-27T12:00:16","guid":{"rendered":"https:\/\/pipraveski.ee\/?page_id=3360"},"modified":"2025-11-05T07:43:48","modified_gmt":"2025-11-05T05:43:48","slug":"blogi","status":"publish","type":"page","link":"https:\/\/pipraveski.ee\/en\/blogi\/","title":{"rendered":"Blog"},"content":{"rendered":"<div class=\"bde-globalblock-3360-100 bde-globalblock\"><section class=\"bde-section-3278-100-3278-1 bde-section bde-section-3278-100\">\n  \n  \n\t\n\n\n\n<div class=\"section-container\"><h1 class=\"bde-heading-3278-101-3278-1 bde-heading bde-heading-3278-101\">\nBlog\n<\/h1><\/div>\n<\/section><\/div><section class=\"bde-section-3360-101 bde-section\">\n  \n  \n\t\n\n\n\n<div class=\"section-container\"><div class=\"bde-post-list-3360-105 bde-post-list\"><div class=\"bde-loop bde-loop-grid ee-posts ee-posts-grid\">    <article class=\"bde-loop-item ee-post\">\n                                <a class=\"bde-loop-item__image-link ee-post-image-link\" href=\"https:\/\/pipraveski.ee\/en\/uncategorized\/kuidas-sunnib-uks-purk-pipraveski-tsatnit-maitse-mis-raagib-lugusid\/\" tabindex=\"-1\">\n                <div class=\"bde-loop-item__image ee-post-image\">\n                    <img loading=\"lazy\" decoding=\"async\" width=\"223\" height=\"177\" src=\"https:\/\/pipraveski.ee\/wp-content\/uploads\/2025\/10\/20200408-Hela-Premiumdose-klein-300616-Chiliringe-75g-520x750px.png\" class=\"attachment-full size-full wp-post-image\" alt=\"Kuidas s\u00fcnnib \u00fcks purk Pipraveski t\u0161atnit \u2013 maitse, mis r\u00e4\u00e4gib lugusid\" srcset=\"https:\/\/pipraveski.ee\/wp-content\/uploads\/2025\/10\/20200408-Hela-Premiumdose-klein-300616-Chiliringe-75g-520x750px.png 223w, https:\/\/pipraveski.ee\/wp-content\/uploads\/2025\/10\/20200408-Hela-Premiumdose-klein-300616-Chiliringe-75g-520x750px-64x51.png 64w\" sizes=\"auto, (max-width: 223px) 100vw, 223px\" \/>                <\/div>\n            <\/a>\n        \n        \n        <div class=\"bde-loop-item__wrap ee-post-wrap\">\n            \n                            <h3 class=\"ee-post-title\" >\n                    <a class=\"bde-loop-item__title-link ee-post-title-link\" href=\"https:\/\/pipraveski.ee\/en\/uncategorized\/kuidas-sunnib-uks-purk-pipraveski-tsatnit-maitse-mis-raagib-lugusid\/\"  tabindex=\"-1\">\n                        How a single jar of Pipraveski chatni is made - a taste that tells a story                    <\/a>\n                <\/h3>\n                            <div class=\"bde-loop-item__post-meta ee-post-meta\">\n                                                                                <span class=\"bde-loop-item__meta-date bde-loop-item__meta-item ee-post-meta-date ee-post-meta-item\">\n                                    24\/10\/2025                                <\/span>\n                                                \n                <\/div>\n                            <div class=\"bde-loop-item__content ee-post-content\">\n                    One early morning we pick fresh onions, peppers and tomatoes. We put them in a pot and let them tell their story - slowly, through smells and aromas. This is how Pipraveski chatni is born - a mixture of sweet,...                <\/div>\n            \n        \n    \n    \n    \n                            \n            \n                    \n            \n            \n\n    \n    \n    \n    \n                            \n    <a class=\"breakdance-link button-atom button-atom--secondary bde-loop-item__button ee-post-button\" href=\"https:\/\/pipraveski.ee\/en\/uncategorized\/kuidas-sunnib-uks-purk-pipraveski-tsatnit-maitse-mis-raagib-lugusid\/\" target=\"_self\" data-type=\"url\"  aria-label=\"Read more about Kuidas s\u00fcnnib \u00fcks purk Pipraveski t\u0161atnit \u2013 maitse, mis r\u00e4\u00e4gib lugusid\" >\n\n    \n        <span class=\"button-atom__text\">Read more<\/span>\n\n        \n        \n                <\/a>\n\n    \n\n\n\n\n            \n        <\/div>\n\n    <\/article>\n\n    <article class=\"bde-loop-item ee-post\">\n                                <a class=\"bde-loop-item__image-link ee-post-image-link\" href=\"https:\/\/pipraveski.ee\/en\/uncategorized\/sinep-millel-on-iseloomu-eestimaine-vagi-igas-lusikataies\/\" tabindex=\"-1\">\n                <div class=\"bde-loop-item__image ee-post-image\">\n                    <img loading=\"lazy\" decoding=\"async\" width=\"800\" height=\"800\" src=\"https:\/\/pipraveski.ee\/wp-content\/uploads\/2025\/10\/sinepipulber-2.jpg\" class=\"attachment-full size-full wp-post-image\" alt=\"Sinep, millel on iseloomu \u2013 Eestimaine v\u00e4gi igas lusikat\u00e4ies\" srcset=\"https:\/\/pipraveski.ee\/wp-content\/uploads\/2025\/10\/sinepipulber-2.jpg 800w, https:\/\/pipraveski.ee\/wp-content\/uploads\/2025\/10\/sinepipulber-2-300x300.jpg 300w, https:\/\/pipraveski.ee\/wp-content\/uploads\/2025\/10\/sinepipulber-2-600x600.jpg 600w, https:\/\/pipraveski.ee\/wp-content\/uploads\/2025\/10\/sinepipulber-2-64x64.jpg 64w, https:\/\/pipraveski.ee\/wp-content\/uploads\/2025\/10\/sinepipulber-2-150x150.jpg 150w, https:\/\/pipraveski.ee\/wp-content\/uploads\/2025\/10\/sinepipulber-2-768x768.jpg 768w\" sizes=\"auto, (max-width: 800px) 100vw, 800px\" \/>                <\/div>\n            <\/a>\n        \n        \n        <div class=\"bde-loop-item__wrap ee-post-wrap\">\n            \n                            <h3 class=\"ee-post-title\" >\n                    <a class=\"bde-loop-item__title-link ee-post-title-link\" href=\"https:\/\/pipraveski.ee\/en\/uncategorized\/sinep-millel-on-iseloomu-eestimaine-vagi-igas-lusikataies\/\"  tabindex=\"-1\">\n                        Mustard with character - Estonian power in every spoonful                    <\/a>\n                <\/h3>\n                            <div class=\"bde-loop-item__post-meta ee-post-meta\">\n                                                                                <span class=\"bde-loop-item__meta-date bde-loop-item__meta-item ee-post-meta-date ee-post-meta-item\">\n                                    24\/10\/2025                                <\/span>\n                                                \n                <\/div>\n                            <div class=\"bde-loop-item__content ee-post-content\">\n                    Mustard is not just a sauce. It is character. When pepper whispers, mustard sings - and not quietly. Every Pipraveski mustard is born from handcrafting: a blend of seeds, local honey, herbs....                <\/div>\n            \n        \n    \n    \n    \n                            \n            \n                    \n            \n            \n\n    \n    \n    \n    \n                            \n    <a class=\"breakdance-link button-atom button-atom--secondary bde-loop-item__button ee-post-button\" href=\"https:\/\/pipraveski.ee\/en\/uncategorized\/sinep-millel-on-iseloomu-eestimaine-vagi-igas-lusikataies\/\" target=\"_self\" data-type=\"url\"  aria-label=\"Read more about Sinep, millel on iseloomu \u2013 Eestimaine v\u00e4gi igas lusikat\u00e4ies\" >\n\n    \n        <span class=\"button-atom__text\">Read more<\/span>\n\n        \n        \n                <\/a>\n\n    \n\n\n\n\n            \n        <\/div>\n\n    <\/article>\n\n    <article class=\"bde-loop-item ee-post\">\n                                <a class=\"bde-loop-item__image-link ee-post-image-link\" href=\"https:\/\/pipraveski.ee\/en\/uncategorized\/kuidas-maitseained-raagivad-sinu-iseloomust\/\" tabindex=\"-1\">\n                <div class=\"bde-loop-item__image ee-post-image\">\n                    <img loading=\"lazy\" decoding=\"async\" width=\"1000\" height=\"626\" src=\"https:\/\/pipraveski.ee\/wp-content\/uploads\/2025\/10\/kashmiri-red-chilli-dried.jpg\" class=\"attachment-full size-full wp-post-image\" alt=\"Kuidas maitseained r\u00e4\u00e4givad sinu iseloomust\" srcset=\"https:\/\/pipraveski.ee\/wp-content\/uploads\/2025\/10\/kashmiri-red-chilli-dried.jpg 1000w, https:\/\/pipraveski.ee\/wp-content\/uploads\/2025\/10\/kashmiri-red-chilli-dried-600x376.jpg 600w, https:\/\/pipraveski.ee\/wp-content\/uploads\/2025\/10\/kashmiri-red-chilli-dried-64x40.jpg 64w, https:\/\/pipraveski.ee\/wp-content\/uploads\/2025\/10\/kashmiri-red-chilli-dried-300x188.jpg 300w, https:\/\/pipraveski.ee\/wp-content\/uploads\/2025\/10\/kashmiri-red-chilli-dried-768x481.jpg 768w\" sizes=\"auto, (max-width: 1000px) 100vw, 1000px\" \/>                <\/div>\n            <\/a>\n        \n        \n        <div class=\"bde-loop-item__wrap ee-post-wrap\">\n            \n                            <h3 class=\"ee-post-title\" >\n                    <a class=\"bde-loop-item__title-link ee-post-title-link\" href=\"https:\/\/pipraveski.ee\/en\/uncategorized\/kuidas-maitseained-raagivad-sinu-iseloomust\/\"  tabindex=\"-1\">\n                        How flavours tell your character                    <\/a>\n                <\/h3>\n                            <div class=\"bde-loop-item__post-meta ee-post-meta\">\n                                                                                <span class=\"bde-loop-item__meta-date bde-loop-item__meta-item ee-post-meta-date ee-post-meta-item\">\n                                    24\/10\/2025                                <\/span>\n                                                \n                <\/div>\n                            <div class=\"bde-loop-item__content ee-post-content\">\n                    Are you a fiery chilli or a calm rosemary? Spicy cuisine is like a mirror - every flavour reveals something about the chef. Chilli is a sign of courage - it's for those who aren't afraid of...                <\/div>\n            \n        \n    \n    \n    \n                            \n            \n                    \n            \n            \n\n    \n    \n    \n    \n                            \n    <a class=\"breakdance-link button-atom button-atom--secondary bde-loop-item__button ee-post-button\" href=\"https:\/\/pipraveski.ee\/en\/uncategorized\/kuidas-maitseained-raagivad-sinu-iseloomust\/\" target=\"_self\" data-type=\"url\"  aria-label=\"Read more about Kuidas maitseained r\u00e4\u00e4givad sinu iseloomust\" >\n\n    \n        <span class=\"button-atom__text\">Read more<\/span>\n\n        \n        \n                <\/a>\n\n    \n\n\n\n\n            \n        <\/div>\n\n    <\/article>\n\n    <article class=\"bde-loop-item ee-post\">\n                                <a class=\"bde-loop-item__image-link ee-post-image-link\" href=\"https:\/\/pipraveski.ee\/en\/uncategorized\/pipar-mis-aratab-maailma-kuidas-uks-tera-muudab-roa-saatust\/\" tabindex=\"-1\">\n                <div class=\"bde-loop-item__image ee-post-image\">\n                    <img loading=\"lazy\" decoding=\"async\" width=\"600\" height=\"600\" src=\"https:\/\/pipraveski.ee\/wp-content\/uploads\/2025\/10\/3528-5d666d117579d0-01945172-Must-pipar-must-terapipar-maitseained-ja-piprad-large-2.jpg\" class=\"attachment-full size-full wp-post-image\" alt=\"Pipar, mis \u00e4ratab maailma \u2013 kuidas \u00fcks tera muudab roa saatust\" srcset=\"https:\/\/pipraveski.ee\/wp-content\/uploads\/2025\/10\/3528-5d666d117579d0-01945172-Must-pipar-must-terapipar-maitseained-ja-piprad-large-2.jpg 600w, https:\/\/pipraveski.ee\/wp-content\/uploads\/2025\/10\/3528-5d666d117579d0-01945172-Must-pipar-must-terapipar-maitseained-ja-piprad-large-2-300x300.jpg 300w, https:\/\/pipraveski.ee\/wp-content\/uploads\/2025\/10\/3528-5d666d117579d0-01945172-Must-pipar-must-terapipar-maitseained-ja-piprad-large-2-64x64.jpg 64w, https:\/\/pipraveski.ee\/wp-content\/uploads\/2025\/10\/3528-5d666d117579d0-01945172-Must-pipar-must-terapipar-maitseained-ja-piprad-large-2-150x150.jpg 150w\" sizes=\"auto, (max-width: 600px) 100vw, 600px\" \/>                <\/div>\n            <\/a>\n        \n        \n        <div class=\"bde-loop-item__wrap ee-post-wrap\">\n            \n                            <h3 class=\"ee-post-title\" >\n                    <a class=\"bde-loop-item__title-link ee-post-title-link\" href=\"https:\/\/pipraveski.ee\/en\/uncategorized\/pipar-mis-aratab-maailma-kuidas-uks-tera-muudab-roa-saatust\/\"  tabindex=\"-1\">\n                        The pepper that wakes the world - how a single grain can change the fate of a dish                    <\/a>\n                <\/h3>\n                            <div class=\"bde-loop-item__post-meta ee-post-meta\">\n                                                                                <span class=\"bde-loop-item__meta-date bde-loop-item__meta-item ee-post-meta-date ee-post-meta-item\">\n                                    24\/10\/2025                                <\/span>\n                                                \n                <\/div>\n                            <div class=\"bde-loop-item__content ee-post-content\">\n                    The kitchen is quiet. Until the first crack of the mill - and the world wakes up. The pepper, that little black grain, is more than a condiment. It's an experience that brings soul to food. Do you know...                <\/div>\n            \n        \n    \n    \n    \n                            \n            \n                    \n            \n            \n\n    \n    \n    \n    \n                            \n    <a class=\"breakdance-link button-atom button-atom--secondary bde-loop-item__button ee-post-button\" href=\"https:\/\/pipraveski.ee\/en\/uncategorized\/pipar-mis-aratab-maailma-kuidas-uks-tera-muudab-roa-saatust\/\" target=\"_self\" data-type=\"url\"  aria-label=\"Read more about Pipar, mis \u00e4ratab maailma \u2013 kuidas \u00fcks tera muudab roa saatust\" >\n\n    \n        <span class=\"button-atom__text\">Read more<\/span>\n\n        \n        \n                <\/a>\n\n    \n\n\n\n\n            \n        <\/div>\n\n    <\/article>\n\n<\/div><\/div><\/div>\n<\/section>","protected":false},"excerpt":{"rendered":"","protected":false},"author":2,"featured_media":0,"parent":0,"menu_order":0,"comment_status":"closed","ping_status":"closed","template":"","meta":{"_breakdance_hide_in_design_set":false,"_breakdance_tags":"","footnotes":""},"class_list":["post-3360","page","type-page","status-publish","hentry"],"_links":{"self":[{"href":"https:\/\/pipraveski.ee\/en\/wp-json\/wp\/v2\/pages\/3360","targetHints":{"allow":["GET"]}}],"collection":[{"href":"https:\/\/pipraveski.ee\/en\/wp-json\/wp\/v2\/pages"}],"about":[{"href":"https:\/\/pipraveski.ee\/en\/wp-json\/wp\/v2\/types\/page"}],"author":[{"embeddable":true,"href":"https:\/\/pipraveski.ee\/en\/wp-json\/wp\/v2\/users\/2"}],"replies":[{"embeddable":true,"href":"https:\/\/pipraveski.ee\/en\/wp-json\/wp\/v2\/comments?post=3360"}],"version-history":[{"count":4,"href":"https:\/\/pipraveski.ee\/en\/wp-json\/wp\/v2\/pages\/3360\/revisions"}],"predecessor-version":[{"id":3765,"href":"https:\/\/pipraveski.ee\/en\/wp-json\/wp\/v2\/pages\/3360\/revisions\/3765"}],"wp:attachment":[{"href":"https:\/\/pipraveski.ee\/en\/wp-json\/wp\/v2\/media?parent=3360"}],"curies":[{"name":"wp","href":"https:\/\/api.w.org\/{rel}","templated":true}]}}