{"id":3311,"date":"2025-10-24T16:21:03","date_gmt":"2025-10-24T13:21:03","guid":{"rendered":"https:\/\/pipraveski.ee\/?page_id=3311"},"modified":"2025-10-24T16:21:54","modified_gmt":"2025-10-24T13:21:54","slug":"tagastamine","status":"publish","type":"page","link":"https:\/\/pipraveski.ee\/en\/tagastamine\/","title":{"rendered":"Product return"},"content":{"rendered":"<div class=\"bde-globalblock-3311-100 bde-globalblock\"><section class=\"bde-section-3278-100-3278-1 bde-section bde-section-3278-100\">\n  \n  \n\t\n\n\n\n<div class=\"section-container\"><h1 class=\"bde-heading-3278-101-3278-1 bde-heading bde-heading-3278-101\">\nProduct return\n<\/h1><\/div>\n<\/section><\/div><section class=\"bde-section-3311-101 bde-section\">\n  \n  \n\t\n\n\n\n<div class=\"section-container\"><h1 class=\"bde-heading-3311-102 bde-heading\">\nProduct return\n<\/h1><div class=\"bde-rich-text-3311-103 bde-rich-text breakdance-rich-text-styles\">\n<p>We hope you are happy with your purchase from our e-shop and we look forward to seeing you again!<\/p><p>If you have any questions or problems with goods ordered from Pipraveski O\u00dc e-shop, please let us know within 14 days by sending an e-mail to the following address\u00a0<a href=\"mailto:epood@pipraveski.ee\">epood@pipraveski.ee<\/a>\u00a0or by calling\u00a0<a href=\"tel:+37259050644\">59050644<\/a>. Please include a precise description of the problem and the order or invoice number.<\/p><p>Returned goods must be unused and in their original packaging. Pipraveski O\u00dc will cover the costs of returning the problem goods.<\/p><p>We look forward to welcoming you back to our e-shop!<\/p>\n<\/div><\/div>\n<\/section>","protected":false},"excerpt":{"rendered":"<p>Tagastamine Tagastamine Loodame, et olete rahul meie e-poest tehtud ostuga ning ootame Teid taas meie juurde!Kui Teil tekib k\u00fcsimusi v\u00f5i probleeme Pipraveski O\u00dc e-poest tellitud kaubaga, palun andke meile sellest teada 14 p\u00e4eva jooksul, saates e-kirja aadressile\u00a0epood@pipraveski.ee\u00a0v\u00f5i helistades numbrile\u00a059050644. Palume lisada probleemi t\u00e4pne kirjeldus ning tellimuse v\u00f5i arve number.Tagastatav kaup peab olema kasutamata ja originaalpakendis. [&hellip;]<\/p>\n","protected":false},"author":2,"featured_media":0,"parent":0,"menu_order":0,"comment_status":"closed","ping_status":"closed","template":"","meta":{"_breakdance_hide_in_design_set":false,"_breakdance_tags":"","footnotes":""},"class_list":["post-3311","page","type-page","status-publish","hentry"],"_links":{"self":[{"href":"https:\/\/pipraveski.ee\/en\/wp-json\/wp\/v2\/pages\/3311","targetHints":{"allow":["GET"]}}],"collection":[{"href":"https:\/\/pipraveski.ee\/en\/wp-json\/wp\/v2\/pages"}],"about":[{"href":"https:\/\/pipraveski.ee\/en\/wp-json\/wp\/v2\/types\/page"}],"author":[{"embeddable":true,"href":"https:\/\/pipraveski.ee\/en\/wp-json\/wp\/v2\/users\/2"}],"replies":[{"embeddable":true,"href":"https:\/\/pipraveski.ee\/en\/wp-json\/wp\/v2\/comments?post=3311"}],"version-history":[{"count":3,"href":"https:\/\/pipraveski.ee\/en\/wp-json\/wp\/v2\/pages\/3311\/revisions"}],"predecessor-version":[{"id":3314,"href":"https:\/\/pipraveski.ee\/en\/wp-json\/wp\/v2\/pages\/3311\/revisions\/3314"}],"wp:attachment":[{"href":"https:\/\/pipraveski.ee\/en\/wp-json\/wp\/v2\/media?parent=3311"}],"curies":[{"name":"wp","href":"https:\/\/api.w.org\/{rel}","templated":true}]}}