{"id":3308,"date":"2025-10-24T16:19:39","date_gmt":"2025-10-24T13:19:39","guid":{"rendered":"https:\/\/pipraveski.ee\/?page_id=3308"},"modified":"2025-11-04T16:19:30","modified_gmt":"2025-11-04T14:19:30","slug":"hulgimuuk","status":"publish","type":"page","link":"https:\/\/pipraveski.ee\/en\/hulgimuuk\/","title":{"rendered":"Wholesale"},"content":{"rendered":"<div class=\"bde-globalblock-3308-100 bde-globalblock\"><section class=\"bde-section-3278-100-3278-1 bde-section bde-section-3278-100\">\n  \n  \n\t\n\n\n\n<div class=\"section-container\"><h1 class=\"bde-heading-3278-101-3278-1 bde-heading bde-heading-3278-101\">\nHulgim\u00fc\u00fck\n<\/h1><\/div>\n<\/section><\/div><section class=\"bde-section-3308-108 bde-section\">\n  \n  \n\t\n\n\n\n<div class=\"section-container\"><div class=\"bde-columns-3308-109 bde-columns\"><div class=\"bde-column-3308-110 bde-column\">\n  \n  \n\t\n\n\n\n<h3 class=\"bde-heading-3308-111 bde-heading\">\nHulgim\u00fc\u00fck ja koost\u00f6\u00f6 ettev\u00f5tetele\n<\/h3><div class=\"bde-rich-text-3308-116 bde-rich-text breakdance-rich-text-styles\">\n<p>Kas soovid pakkuda oma klientidele Pipraveski maitseid, lisada meie tooteid oma men\u00fc\u00fcsse v\u00f5i m\u00fc\u00fca neid oma poes?<br \/>Teeme koost\u00f6\u00f6d paljude kohvikute, restoranide ja jaekauplustega \u00fcle Eesti ning pakume usaldusv\u00e4\u00e4rset partnerlust, paindlikke tingimusi ja kvaliteetseid tooteid otse tootjalt.<\/p><h4>Miks valida Pipraveski?<\/h4><ul><li>Lai valik v\u00e4rskeid ja kvaliteetseid maitseaineid, segusid ja kinkekomplekte<\/li><li>Kiire tarne ja stabiilne tootevalik<\/li><li>Isiklik l\u00e4henemine ja paindlikud kogusep\u00f5hised hinnad<\/li><\/ul><p>Kui oled huvitatud koost\u00f6\u00f6st v\u00f5i hulgihindade saamisest, t\u00e4ida p\u00e4ringuvorm \u2014 v\u00f5tame sinuga peagi \u00fchendust ja leiame sobiva lahenduse.<\/p>\n<\/div>\n<\/div><div class=\"bde-column-3308-114 bde-column\">\n  \n  \n\t\n\n\n\n<div class=\"bde-form-builder-3308-115 bde-form-builder\">\n\n<form id=\"hulgimuugi-paringuvorm115\" class=\"breakdance-form breakdance-form--vertical\" data-options=\"{&quot;slug&quot;:&quot;custom&quot;,&quot;name&quot;:&quot;Hulgim\\u00fc\\u00fcgi p\\u00e4ringuvorm&quot;,&quot;ajaxUrl&quot;:&quot;https:\\\/\\\/pipraveski.ee\\\/wp-admin\\\/admin-ajax.php&quot;,&quot;clearOnSuccess&quot;:true,&quot;hideOnSuccess&quot;:false,&quot;successMessage&quot;:&quot;S\\u00f5num edukalt saadetud!&quot;,&quot;errorMessage&quot;:&quot;Miskit l\\u00e4ks valesti, proovige uuesti!&quot;,&quot;redirect&quot;:false,&quot;redirectUrl&quot;:&quot;&quot;,&quot;customJavaScript&quot;:&quot;&quot;,&quot;recaptcha&quot;:{&quot;key&quot;:&quot;&quot;,&quot;enabled&quot;:false},&quot;honeypot_enabled&quot;:false,&quot;popupsOnSuccess&quot;:[],&quot;popupsOnError&quot;:[]}\" data-steps=\"0\" >\n  \n  \n  \n<div class=\"breakdance-form-field breakdance-form-field--text\" >\n    \n    \n            <label class=\"breakdance-form-field__label\" for=\"ettevotte_nimi\">\n            Ettev\u00f5tte nimi<span class=\"breakdance-form-field__required\">*<\/span>\n        <\/label>\n    \n    <input\n    class=\"breakdance-form-field__input\"\n    id=\"ettevotte_nimi\"\n    aria-describedby=\"ettevotte_nimi\"\n    type=\"text\"\n    name=\"fields[ettevotte_nimi]\"\n    placeholder=\"\"\n    value=\"\"\n                \n        \n        \n    required\n    \n    \n    \n    \n    \n>\n\n\n    \n    \n<\/div>\n\n\n<div class=\"breakdance-form-field breakdance-form-field--text\" >\n    \n    \n            <label class=\"breakdance-form-field__label\" for=\"registrikood\">\n            Registrikood<span class=\"breakdance-form-field__required\">*<\/span>\n        <\/label>\n    \n    <input\n    class=\"breakdance-form-field__input\"\n    id=\"registrikood\"\n    aria-describedby=\"registrikood\"\n    type=\"text\"\n    name=\"fields[registrikood]\"\n    placeholder=\"\"\n    value=\"\"\n                \n        \n        \n    required\n    \n    \n    \n    \n    \n>\n\n\n    \n    \n<\/div>\n\n\n<div class=\"breakdance-form-field breakdance-form-field--text\" >\n    \n    \n            <label class=\"breakdance-form-field__label\" for=\"kmkrnumber\">\n            KMKR number<span class=\"breakdance-form-field__required\">*<\/span>\n        <\/label>\n    \n    <input\n    class=\"breakdance-form-field__input\"\n    id=\"kmkrnumber\"\n    aria-describedby=\"kmkrnumber\"\n    type=\"text\"\n    name=\"fields[kmkrnumber]\"\n    placeholder=\"\"\n    value=\"\"\n                \n        \n        \n    required\n    \n    \n    \n    \n    \n>\n\n\n    \n    \n<\/div>\n\n\n<div class=\"breakdance-form-field breakdance-form-field--text\" >\n    \n    \n            <label class=\"breakdance-form-field__label\" for=\"ettevotte_aadress\">\n            Ettev\u00f5tte aadress<span class=\"breakdance-form-field__required\">*<\/span>\n        <\/label>\n    \n    <input\n    class=\"breakdance-form-field__input\"\n    id=\"ettevotte_aadress\"\n    aria-describedby=\"ettevotte_aadress\"\n    type=\"text\"\n    name=\"fields[ettevotte_aadress]\"\n    placeholder=\"\"\n    value=\"\"\n                \n        \n        \n    required\n    \n    \n    \n    \n    \n>\n\n\n    \n    \n<\/div>\n\n\n<div class=\"breakdance-form-field breakdance-form-field--text\" >\n    \n    \n            <label class=\"breakdance-form-field__label\" for=\"kontaktisiku_nimi\">\n            Kontaktisiku nimi<span class=\"breakdance-form-field__required\">*<\/span>\n        <\/label>\n    \n    <input\n    class=\"breakdance-form-field__input\"\n    id=\"kontaktisiku_nimi\"\n    aria-describedby=\"kontaktisiku_nimi\"\n    type=\"text\"\n    name=\"fields[kontaktisiku_nimi]\"\n    placeholder=\"\"\n    value=\"\"\n                \n        \n        \n    required\n    \n    \n    \n    \n    \n>\n\n\n    \n    \n<\/div>\n\n\n<div class=\"breakdance-form-field breakdance-form-field--email\" >\n    \n    \n            <label class=\"breakdance-form-field__label\" for=\"epost\">\n            E-posti aadress<span class=\"breakdance-form-field__required\">*<\/span>\n        <\/label>\n    \n    <input\n    class=\"breakdance-form-field__input\"\n    id=\"epost\"\n    aria-describedby=\"epost\"\n    type=\"email\"\n    name=\"fields[epost]\"\n    placeholder=\"\"\n    value=\"\"\n                \n        \n        \n    required\n    \n    \n    \n    \n    \n>\n\n\n    \n    \n<\/div>\n\n\n<div class=\"breakdance-form-field breakdance-form-field--text\" >\n    \n    \n            <label class=\"breakdance-form-field__label\" for=\"tel\">\n            Telefoninumber<span class=\"breakdance-form-field__required\">*<\/span>\n        <\/label>\n    \n    <input\n    class=\"breakdance-form-field__input\"\n    id=\"tel\"\n    aria-describedby=\"tel\"\n    type=\"text\"\n    name=\"fields[tel]\"\n    placeholder=\"\"\n    value=\"\"\n                \n        \n        \n    required\n    \n    \n    \n    \n    \n>\n\n\n    \n    \n<\/div>\n\n\n<div class=\"breakdance-form-field breakdance-form-field--text\" >\n    \n    \n            <label class=\"breakdance-form-field__label\" for=\"parool\">\n            Soovitud parool\n        <\/label>\n    \n    <input\n    class=\"breakdance-form-field__input\"\n    id=\"parool\"\n    aria-describedby=\"parool\"\n    type=\"text\"\n    name=\"fields[parool]\"\n    placeholder=\"\"\n    value=\"\"\n                \n        \n        \n    \n    \n    \n    \n    \n    \n>\n\n\n    \n    \n<\/div>\n\n\n<div class=\"breakdance-form-field breakdance-form-field--textarea\" >\n    \n    \n            <label class=\"breakdance-form-field__label\" for=\"sonum\">\n            S\u00f5num\n        <\/label>\n    \n    <textarea\n    class=\"breakdance-form-field__input\"\n    id=\"sonum\"\n    aria-describedby=\"sonum\"\n    type=\"textarea\"\n    name=\"fields[sonum]\"\n        placeholder=\"\"\n    \n    \n    \n    >\n<\/textarea>\n\n\n    \n    \n<\/div><div class=\"breakdance-form-field breakdance-form-footer\">    \n    \n    \n    \n    \n            \n            <button type=\"submit\" class=\"button-atom button-atom--primary breakdance-form-button breakdance-form-button__submit\"  >\n    \n        <span class=\"button-atom__text\">Saada p\u00e4ring<\/span>\n\n        \n        \n            <\/button>\n    \n    <input type=\"hidden\" name=\"form_id\" value=\"115\">\n    <input type=\"hidden\" name=\"post_id\" value=\"3308\">\n<\/div>\n\n  \n<\/form>\n\n\n<\/div>\n<\/div><\/div><\/div>\n<\/section>","protected":false},"excerpt":{"rendered":"<p>Hulgim\u00fc\u00fck Hulgim\u00fc\u00fck ja koost\u00f6\u00f6 ettev\u00f5tetele Kas soovid pakkuda oma klientidele Pipraveski maitseid, lisada meie tooteid oma men\u00fc\u00fcsse v\u00f5i m\u00fc\u00fca neid oma poes?Teeme koost\u00f6\u00f6d paljude kohvikute, restoranide ja jaekauplustega \u00fcle Eesti ning pakume usaldusv\u00e4\u00e4rset partnerlust, paindlikke tingimusi ja kvaliteetseid tooteid otse tootjalt.Miks valida Pipraveski?Lai valik v\u00e4rskeid ja kvaliteetseid maitseaineid, segusid ja kinkekomplekteKiire tarne ja stabiilne tootevalikIsiklik [&hellip;]<\/p>\n","protected":false},"author":2,"featured_media":0,"parent":0,"menu_order":0,"comment_status":"closed","ping_status":"closed","template":"","meta":{"_breakdance_hide_in_design_set":false,"_breakdance_tags":"","footnotes":""},"class_list":["post-3308","page","type-page","status-publish","hentry"],"_links":{"self":[{"href":"https:\/\/pipraveski.ee\/en\/wp-json\/wp\/v2\/pages\/3308","targetHints":{"allow":["GET"]}}],"collection":[{"href":"https:\/\/pipraveski.ee\/en\/wp-json\/wp\/v2\/pages"}],"about":[{"href":"https:\/\/pipraveski.ee\/en\/wp-json\/wp\/v2\/types\/page"}],"author":[{"embeddable":true,"href":"https:\/\/pipraveski.ee\/en\/wp-json\/wp\/v2\/users\/2"}],"replies":[{"embeddable":true,"href":"https:\/\/pipraveski.ee\/en\/wp-json\/wp\/v2\/comments?post=3308"}],"version-history":[{"count":13,"href":"https:\/\/pipraveski.ee\/en\/wp-json\/wp\/v2\/pages\/3308\/revisions"}],"predecessor-version":[{"id":3742,"href":"https:\/\/pipraveski.ee\/en\/wp-json\/wp\/v2\/pages\/3308\/revisions\/3742"}],"wp:attachment":[{"href":"https:\/\/pipraveski.ee\/en\/wp-json\/wp\/v2\/media?parent=3308"}],"curies":[{"name":"wp","href":"https:\/\/api.w.org\/{rel}","templated":true}]}}