{"id":3288,"date":"2025-10-24T15:54:35","date_gmt":"2025-10-24T12:54:35","guid":{"rendered":"https:\/\/pipraveski.ee\/?page_id=3288"},"modified":"2026-02-18T09:24:34","modified_gmt":"2026-02-18T07:24:34","slug":"infoparing","status":"publish","type":"page","link":"https:\/\/pipraveski.ee\/en\/infoparing\/","title":{"rendered":"Information request"},"content":{"rendered":"<div class=\"bde-globalblock-3288-100 bde-globalblock\"><section class=\"bde-section-3278-100-3278-1 bde-section bde-section-3278-100\">\n  \n  \n\t\n\n\n\n<div class=\"section-container\"><h1 class=\"bde-heading-3278-101-3278-1 bde-heading bde-heading-3278-101\">\nInfop\u00e4ring\n<\/h1><\/div>\n<\/section><\/div><section class=\"bde-section-3288-107 bde-section\">\n  \n  \n\t\n\n\n\n<div class=\"section-container\"><div class=\"bde-columns-3288-108 bde-columns\"><div class=\"bde-column-3288-109 bde-column\">\n  \n  \n\t\n\n\n\n<h3 class=\"bde-heading-3288-110 bde-heading\">\nV\u00f5ta \u00fchendust\n<\/h3><div class=\"bde-text-3288-111 bde-text\">\nMeie poodi juhivad p\u00e4ris inimesed ja mis on veel parem!? Nad on siin, et teid aidata! V\u00f5tke lihtsalt \u00fchendust ja vastame r\u00f5\u00f5muga!\n<\/div><div class=\"bde-icon-list-3288-112 bde-icon-list kontaktlist\">\n<ul>\n  \n              \n    <li>\n                      \n            \n            \n\n    \n    \n    \n    \n    \n    <a class=\"breakdance-link bde-icon-list__item-wrapper\" href=\"https:\/\/www.google.com\/maps\/place\/Tuukri+tn+50%2F2,+10120+Tallinn\/@59.4214912,24.7627776,13z\/data=!4m6!3m5!1s0x4692935c6458e7e1:0x7edaf345e88e7256!8m2!3d59.4394074!4d24.7709745!16s%2Fg%2F11y35b8s1h?entry=ttu&amp;g_ep=EgoyMDI2MDIxMS4wIKXMDSoASAFQAw%3D%3D\" target=\"_blank\" data-type=\"url\" rel=\"noopener\">\n\n      \n      <span class='bde-icon-list__icon' aria-hidden='true'>\n        <svg xmlns=\"http:\/\/www.w3.org\/2000\/svg\" viewBox=\"0 0 576 512\"><!--! Font Awesome Free 6.5.1 by @fontawesome - https:\/\/fontawesome.com License - https:\/\/fontawesome.com\/license\/free (Icons: CC BY 4.0, Fonts: SIL OFL 1.1, Code: MIT License) Copyright 2023 Fonticons, Inc. --><path d=\"M302.8 312C334.9 271.9 408 174.6 408 120C408 53.7 354.3 0 288 0S168 53.7 168 120c0 54.6 73.1 151.9 105.2 192c7.7 9.6 22 9.6 29.6 0zM416 503l144.9-58c9.1-3.6 15.1-12.5 15.1-22.3V152c0-17-17.1-28.6-32.9-22.3l-116 46.4c-.5 1.2-1 2.5-1.5 3.7c-2.9 6.8-6.1 13.7-9.6 20.6V503zM15.1 187.3C6 191 0 199.8 0 209.6V480.4c0 17 17.1 28.6 32.9 22.3L160 451.8V200.4c-3.5-6.9-6.7-13.8-9.6-20.6c-5.6-13.2-10.4-27.4-12.8-41.5l-122.6 49zM384 255c-20.5 31.3-42.3 59.6-56.2 77c-20.5 25.6-59.1 25.6-79.6 0c-13.9-17.4-35.7-45.7-56.2-77V449.4l192 54.9V255z\"\/><\/svg>\n      <\/span>\n      <span class='bde-icon-list__text' >\n      Pipraveski pood asub aadressil: Tuukri 50\/2, Tallinn (sisehoov)\n      <\/span>\n                  <\/a>\n\n      \n    <\/li>\n\n  \n              \n    <li>\n                      \n            \n            \n\n    \n    \n    \n    \n    \n    <a class=\"breakdance-link bde-icon-list__item-wrapper\" href=\"tel:+37259050644\" target=\"_self\" data-type=\"contact\"  >\n\n      \n      <span class='bde-icon-list__icon' aria-hidden='true'>\n        <svg xmlns=\"http:\/\/www.w3.org\/2000\/svg\" viewBox=\"0 0 640 512\"><!--! Font Awesome Free 6.5.1 by @fontawesome - https:\/\/fontawesome.com License - https:\/\/fontawesome.com\/license\/free (Icons: CC BY 4.0, Fonts: SIL OFL 1.1, Code: MIT License) Copyright 2023 Fonticons, Inc. --><path d=\"M0 488V171.3c0-26.2 15.9-49.7 40.2-59.4L308.1 4.8c7.6-3.1 16.1-3.1 23.8 0L599.8 111.9c24.3 9.7 40.2 33.3 40.2 59.4V488c0 13.3-10.7 24-24 24H568c-13.3 0-24-10.7-24-24V224c0-17.7-14.3-32-32-32H128c-17.7 0-32 14.3-32 32V488c0 13.3-10.7 24-24 24H24c-13.3 0-24-10.7-24-24zm488 24l-336 0c-13.3 0-24-10.7-24-24V432H512l0 56c0 13.3-10.7 24-24 24zM128 400V336H512v64H128zm0-96V224H512l0 80H128z\"\/><\/svg>\n      <\/span>\n      <span class='bde-icon-list__text' >\n      Hulgim\u00fc\u00fck: Klienditugi: 9:00-17:00 \/ +372 5905 0644\n      <\/span>\n                  <\/a>\n\n      \n    <\/li>\n\n  \n              \n    <li>\n              <div class='bde-icon-list__item-wrapper'>\n      \n      <span class='bde-icon-list__icon' aria-hidden='true'>\n        <svg xmlns=\"http:\/\/www.w3.org\/2000\/svg\" viewBox=\"0 0 512 512\"><!--! Font Awesome Free 6.5.1 by @fontawesome - https:\/\/fontawesome.com License - https:\/\/fontawesome.com\/license\/free (Icons: CC BY 4.0, Fonts: SIL OFL 1.1, Code: MIT License) Copyright 2023 Fonticons, Inc. --><path d=\"M256 0a256 256 0 1 1 0 512A256 256 0 1 1 256 0zM232 120V256c0 8 4 15.5 10.7 20l96 64c11 7.4 25.9 4.4 33.3-6.7s4.4-25.9-6.7-33.3L280 243.2V120c0-13.3-10.7-24-24-24s-24 10.7-24 24z\"\/><\/svg>\n      <\/span>\n      <span class='bde-icon-list__text' >\n      Pood: E-R 10:00 - 18:00\n      <\/span>\n              <\/div>\n      \n    <\/li>\n\n  \n              \n    <li>\n                      \n            \n            \n\n    \n    \n    \n    \n    \n    <a class=\"breakdance-link bde-icon-list__item-wrapper\" href=\"mailto:epood@pipraveski.ee\" target=\"_self\" data-type=\"url\"  >\n\n      \n      <span class='bde-icon-list__icon' aria-hidden='true'>\n        <svg xmlns=\"http:\/\/www.w3.org\/2000\/svg\" viewBox=\"0 0 512 512\"><!--! Font Awesome Free 6.5.1 by @fontawesome - https:\/\/fontawesome.com License - https:\/\/fontawesome.com\/license\/free (Icons: CC BY 4.0, Fonts: SIL OFL 1.1, Code: MIT License) Copyright 2023 Fonticons, Inc. --><path d=\"M48 64C21.5 64 0 85.5 0 112c0 15.1 7.1 29.3 19.2 38.4L236.8 313.6c11.4 8.5 27 8.5 38.4 0L492.8 150.4c12.1-9.1 19.2-23.3 19.2-38.4c0-26.5-21.5-48-48-48H48zM0 176V384c0 35.3 28.7 64 64 64H448c35.3 0 64-28.7 64-64V176L294.4 339.2c-22.8 17.1-54 17.1-76.8 0L0 176z\"\/><\/svg>\n      <\/span>\n      <span class='bde-icon-list__text' >\n      epood@pipraveski.ee\n      <\/span>\n                  <\/a>\n\n      \n    <\/li>\n\n  \n              \n    <li>\n                      \n            \n            \n\n    \n    \n    \n    \n    \n    <a class=\"breakdance-link bde-icon-list__item-wrapper\" href=\"mailto:info@piraveski.ee\" target=\"_self\" data-type=\"url\"  >\n\n      \n      <span class='bde-icon-list__icon' aria-hidden='true'>\n        <svg xmlns=\"http:\/\/www.w3.org\/2000\/svg\" viewBox=\"0 0 512 512\"><!--! Font Awesome Free 6.5.1 by @fontawesome - https:\/\/fontawesome.com License - https:\/\/fontawesome.com\/license\/free (Icons: CC BY 4.0, Fonts: SIL OFL 1.1, Code: MIT License) Copyright 2023 Fonticons, Inc. --><path d=\"M48 64C21.5 64 0 85.5 0 112c0 15.1 7.1 29.3 19.2 38.4L236.8 313.6c11.4 8.5 27 8.5 38.4 0L492.8 150.4c12.1-9.1 19.2-23.3 19.2-38.4c0-26.5-21.5-48-48-48H48zM0 176V384c0 35.3 28.7 64 64 64H448c35.3 0 64-28.7 64-64V176L294.4 339.2c-22.8 17.1-54 17.1-76.8 0L0 176z\"\/><\/svg>\n      <\/span>\n      <span class='bde-icon-list__text' >\n      info@pipraveski.ee\n      <\/span>\n                  <\/a>\n\n      \n    <\/li>\n\n  \n              \n    <li>\n                      \n            \n            \n\n    \n    \n    \n    \n    \n    <a class=\"breakdance-link bde-icon-list__item-wrapper\" href=\"tel:+37259050644\" target=\"_self\" data-type=\"contact\"  >\n\n      \n      <span class='bde-icon-list__icon' aria-hidden='true'>\n        <svg xmlns=\"http:\/\/www.w3.org\/2000\/svg\" id=\"icon-phone\" viewBox=\"0 0 32 32\">\n<path d=\"M22 20c-2 2-2 4-4 4s-4-2-6-4-4-4-4-6 2-2 4-4-4-8-6-8-6 6-6 6c0 4 4.109 12.109 8 16s12 8 16 8c0 0 6-4 6-6s-6-8-8-6z\"\/>\n<\/svg>\n      <\/span>\n      <span class='bde-icon-list__text' >\n      +372 5905 0644\n      <\/span>\n                  <\/a>\n\n      \n    <\/li>\n\n  <\/ul>\n\n<\/div>\n<\/div><div class=\"bde-column-3288-113 bde-column\">\n  \n  \n\t\n\n\n\n<div class=\"bde-form-builder-3288-114 bde-form-builder\">\n\n<form id=\"kontaktvorm114\" class=\"breakdance-form breakdance-form--vertical\" data-options=\"{&quot;slug&quot;:&quot;custom&quot;,&quot;name&quot;:&quot;Kontaktvorm&quot;,&quot;ajaxUrl&quot;:&quot;https:\\\/\\\/pipraveski.ee\\\/wp-admin\\\/admin-ajax.php&quot;,&quot;clearOnSuccess&quot;:true,&quot;hideOnSuccess&quot;:false,&quot;successMessage&quot;:&quot;S\\u00f5num edukalt saadetud!&quot;,&quot;errorMessage&quot;:&quot;Miskit l\\u00e4ks valesti, proovige uuesti!&quot;,&quot;redirect&quot;:false,&quot;redirectUrl&quot;:&quot;&quot;,&quot;customJavaScript&quot;:&quot;&quot;,&quot;recaptcha&quot;:{&quot;key&quot;:&quot;&quot;,&quot;enabled&quot;:false},&quot;honeypot_enabled&quot;:false,&quot;popupsOnSuccess&quot;:[],&quot;popupsOnError&quot;:[]}\" data-steps=\"0\" >\n  \n  \n  \n<div class=\"breakdance-form-field breakdance-form-field--text\" >\n    \n    \n            <label class=\"breakdance-form-field__label\" for=\"nimi\">\n            Eesnimi<span class=\"breakdance-form-field__required\">*<\/span>\n        <\/label>\n    \n    <input\n    class=\"breakdance-form-field__input\"\n    id=\"nimi\"\n    aria-describedby=\"nimi\"\n    type=\"text\"\n    name=\"fields[nimi]\"\n    placeholder=\"\"\n    value=\"\"\n                \n        \n        \n    required\n    \n    \n    \n    \n    \n>\n\n\n    \n    \n<\/div>\n\n\n<div class=\"breakdance-form-field breakdance-form-field--text\" >\n    \n    \n            <label class=\"breakdance-form-field__label\" for=\"perenimi\">\n            Perenimi<span class=\"breakdance-form-field__required\">*<\/span>\n        <\/label>\n    \n    <input\n    class=\"breakdance-form-field__input\"\n    id=\"perenimi\"\n    aria-describedby=\"perenimi\"\n    type=\"text\"\n    name=\"fields[perenimi]\"\n    placeholder=\"\"\n    value=\"\"\n                \n        \n        \n    required\n    \n    \n    \n    \n    \n>\n\n\n    \n    \n<\/div>\n\n\n<div class=\"breakdance-form-field breakdance-form-field--email\" >\n    \n    \n            <label class=\"breakdance-form-field__label\" for=\"epost\">\n            E-posti aadress<span class=\"breakdance-form-field__required\">*<\/span>\n        <\/label>\n    \n    <input\n    class=\"breakdance-form-field__input\"\n    id=\"epost\"\n    aria-describedby=\"epost\"\n    type=\"email\"\n    name=\"fields[epost]\"\n    placeholder=\"\"\n    value=\"\"\n                \n        \n        \n    required\n    \n    \n    \n    \n    \n>\n\n\n    \n    \n<\/div>\n\n\n<div class=\"breakdance-form-field breakdance-form-field--number\" >\n    \n    \n            <label class=\"breakdance-form-field__label\" for=\"tel\">\n            Telefoni number<span class=\"breakdance-form-field__required\">*<\/span>\n        <\/label>\n    \n    <input\n    class=\"breakdance-form-field__input\"\n    id=\"tel\"\n    aria-describedby=\"tel\"\n    type=\"number\"\n    name=\"fields[tel]\"\n    placeholder=\"\"\n    value=\"\"\n                \n        \n        \n    required\n    \n    \n    \n    \n    \n>\n\n\n    \n    \n<\/div>\n\n\n<div class=\"breakdance-form-field breakdance-form-field--select\" >\n    \n    \n            <label class=\"breakdance-form-field__label\" for=\"vali\">\n            Vali<span class=\"breakdance-form-field__required\">*<\/span>\n        <\/label>\n    \n    <select\n    class=\"breakdance-form-field__input\"\n    id=\"vali\"\n    name=\"fields[vali]\"\n    required\n    \n        \n    \n    >\n      <option value=\"\">Select...<\/option>\n          <option value=\"Hinnapakkumine v\u00f5i soov tutvuda hulugim\u00fc\u00fcgi hinnakirjaga\" selected>Hinnapakkumine v\u00f5i soov tutvuda hulugim\u00fc\u00fcgi hinnakirjaga<\/option>\n        <option value=\"K\u00fcsimus e-poe tellimuse v\u00f5i muu seonduva kohta\" >K\u00fcsimus e-poe tellimuse v\u00f5i muu seonduva kohta<\/option>\n        <option value=\"Muu\" >Muu<\/option>\n  <\/select>\n\n\n    \n    \n<\/div>\n\n\n<div class=\"breakdance-form-field breakdance-form-field--textarea\" >\n    \n    \n            <label class=\"breakdance-form-field__label\" for=\"sonum\">\n            S\u00f5num<span class=\"breakdance-form-field__required\">*<\/span>\n        <\/label>\n    \n    <textarea\n    class=\"breakdance-form-field__input\"\n    id=\"sonum\"\n    aria-describedby=\"sonum\"\n    type=\"textarea\"\n    name=\"fields[sonum]\"\n        placeholder=\"\"\n    required\n    \n    \n    >\n<\/textarea>\n\n\n    \n    \n<\/div><div class=\"breakdance-form-field breakdance-form-footer\">    \n    \n    \n    \n    \n            \n            <button type=\"submit\" class=\"button-atom button-atom--primary breakdance-form-button breakdance-form-button__submit\"  >\n    \n        <span class=\"button-atom__text\">Saada<\/span>\n\n        \n        \n            <\/button>\n    \n    <input type=\"hidden\" name=\"form_id\" value=\"114\">\n    <input type=\"hidden\" name=\"post_id\" value=\"3288\">\n<\/div>\n\n  \n<\/form>\n\n\n<\/div>\n<\/div><\/div><\/div>\n<\/section><section class=\"bde-section-3288-116 bde-section\">\n  \n  \n\t\n\n\n\n<div class=\"section-container\"><div class=\"bde-google-map-3288-117 bde-google-map\">\r\n<iframe width=\"100%\" height=\"100%\" style=\"border:0\" loading=\"lazy\" title=\"Map\" src=\"https:\/\/maps.google.com\/maps?q=Liivalaia+43%2C+Tallinn&t=m&z=15&output=embed&iwloc=near\" allowfullscreen><\/iframe>\n<\/div><\/div>\n<\/section>","protected":false},"excerpt":{"rendered":"<p>Infop\u00e4ring V\u00f5ta \u00fchendust Meie poodi juhivad p\u00e4ris inimesed ja mis on veel parem!? Nad on siin, et teid aidata! V\u00f5tke lihtsalt \u00fchendust ja vastame r\u00f5\u00f5muga! Pipraveski pood asub aadressil: Tuukri 50\/2, Tallinn (sisehoov) Hulgim\u00fc\u00fck: Klienditugi: 9:00-17:00 \/ +372 5905 0644 Pood: E-R 10:00 &#8211; 18:00 epood@pipraveski.ee info@pipraveski.ee +372 5905 0644 Eesnimi* Perenimi* E-posti aadress* Telefoni [&hellip;]<\/p>\n","protected":false},"author":2,"featured_media":0,"parent":0,"menu_order":0,"comment_status":"closed","ping_status":"closed","template":"","meta":{"_breakdance_hide_in_design_set":false,"_breakdance_tags":"","footnotes":""},"class_list":["post-3288","page","type-page","status-publish","hentry"],"_links":{"self":[{"href":"https:\/\/pipraveski.ee\/en\/wp-json\/wp\/v2\/pages\/3288","targetHints":{"allow":["GET"]}}],"collection":[{"href":"https:\/\/pipraveski.ee\/en\/wp-json\/wp\/v2\/pages"}],"about":[{"href":"https:\/\/pipraveski.ee\/en\/wp-json\/wp\/v2\/types\/page"}],"author":[{"embeddable":true,"href":"https:\/\/pipraveski.ee\/en\/wp-json\/wp\/v2\/users\/2"}],"replies":[{"embeddable":true,"href":"https:\/\/pipraveski.ee\/en\/wp-json\/wp\/v2\/comments?post=3288"}],"version-history":[{"count":21,"href":"https:\/\/pipraveski.ee\/en\/wp-json\/wp\/v2\/pages\/3288\/revisions"}],"predecessor-version":[{"id":5580,"href":"https:\/\/pipraveski.ee\/en\/wp-json\/wp\/v2\/pages\/3288\/revisions\/5580"}],"wp:attachment":[{"href":"https:\/\/pipraveski.ee\/en\/wp-json\/wp\/v2\/media?parent=3288"}],"curies":[{"name":"wp","href":"https:\/\/api.w.org\/{rel}","templated":true}]}}